{"id":1891,"date":"2019-08-29T11:29:37","date_gmt":"2019-08-29T10:29:37","guid":{"rendered":"https:\/\/www.thevintagelisbon.com\/contact\/"},"modified":"2026-03-23T12:20:21","modified_gmt":"2026-03-23T12:20:21","slug":"contacto","status":"publish","type":"page","link":"https:\/\/www.thevintagelisbon.com\/es\/contacto\/","title":{"rendered":"Contacto"},"content":{"rendered":"<h2>Contacte con Nosotros<\/h2>\n<p class=\"p1\"><span class=\"s1\">Si desea saber qu\u00e9 m\u00e1s podemos ofrecer, p\u00f3ngase en contacto con nosotros abajo. Nuestro equipo estar\u00e1 encantado de responder a cualquier pregunta que nos plantee.<\/span><\/p>\n","protected":false},"excerpt":{"rendered":"<p>Contacte con Nosotros Si desea saber qu\u00e9 m\u00e1s podemos ofrecer, p\u00f3ngase en contacto con nosotros abajo. Nuestro equipo estar\u00e1 encantado [&hellip;]<\/p>\n","protected":false},"author":1,"featured_media":0,"parent":0,"menu_order":0,"comment_status":"closed","ping_status":"closed","template":"templates\/contact-template.php","meta":{"_acf_changed":false,"footnotes":""},"class_list":["post-1891","page","type-page","status-publish","hentry"],"acf":[],"yoast_head":"<!-- This site is optimized with the Yoast SEO plugin v27.4 - https:\/\/yoast.com\/product\/yoast-seo-wordpress\/ -->\n<title>Contact Us - The Vintage Hotel &amp; Spa - Lisbon, Portugal<\/title>\n<meta name=\"description\" content=\"If you would like to know anything more about what we can offer, please feel free to get in touch with our team and they will answer any questions you have.\" \/>\n<meta name=\"robots\" content=\"index, follow, max-snippet:-1, max-image-preview:large, max-video-preview:-1\" \/>\n<link rel=\"canonical\" href=\"https:\/\/www.thevintagelisbon.com\/es\/contacto\/\" \/>\n<meta property=\"og:locale\" content=\"es_ES\" \/>\n<meta property=\"og:type\" content=\"article\" \/>\n<meta property=\"og:title\" content=\"Contact Us - The Vintage Hotel &amp; Spa - Lisbon, Portugal\" \/>\n<meta property=\"og:description\" content=\"If you would like to know anything more about what we can offer, please feel free to get in touch with our team and they will answer any questions you have.\" \/>\n<meta property=\"og:url\" content=\"https:\/\/www.thevintagelisbon.com\/es\/contacto\/\" \/>\n<meta property=\"og:site_name\" content=\"The Vintage Lisbon\" \/>\n<meta property=\"article:modified_time\" content=\"2026-03-23T12:20:21+00:00\" \/>\n<meta property=\"og:image\" content=\"https:\/\/www.thevintagelisbon.com\/wp-content\/uploads\/2019\/10\/logo.png\" \/>\n\t<meta property=\"og:image:width\" content=\"526\" \/>\n\t<meta property=\"og:image:height\" content=\"124\" \/>\n\t<meta property=\"og:image:type\" content=\"image\/png\" \/>\n<meta name=\"twitter:card\" content=\"summary_large_image\" \/>\n<meta name=\"twitter:label1\" content=\"Tiempo de lectura\" \/>\n\t<meta name=\"twitter:data1\" content=\"1 minuto\" \/>\n<script type=\"application\/ld+json\" class=\"yoast-schema-graph\">{\"@context\":\"https:\\\/\\\/schema.org\",\"@graph\":[{\"@type\":\"WebPage\",\"@id\":\"https:\\\/\\\/www.thevintagelisbon.com\\\/es\\\/contacto\\\/\",\"url\":\"https:\\\/\\\/www.thevintagelisbon.com\\\/es\\\/contacto\\\/\",\"name\":\"Contact Us - The Vintage Hotel & Spa - Lisbon, Portugal\",\"isPartOf\":{\"@id\":\"https:\\\/\\\/www.thevintagelisbon.com\\\/es\\\/#website\"},\"datePublished\":\"2019-08-29T10:29:37+00:00\",\"dateModified\":\"2026-03-23T12:20:21+00:00\",\"description\":\"If you would like to know anything more about what we can offer, please feel free to get in touch with our team and they will answer any questions you have.\",\"breadcrumb\":{\"@id\":\"https:\\\/\\\/www.thevintagelisbon.com\\\/es\\\/contacto\\\/#breadcrumb\"},\"inLanguage\":\"es\",\"potentialAction\":[{\"@type\":\"ReadAction\",\"target\":[\"https:\\\/\\\/www.thevintagelisbon.com\\\/es\\\/contacto\\\/\"]}]},{\"@type\":\"BreadcrumbList\",\"@id\":\"https:\\\/\\\/www.thevintagelisbon.com\\\/es\\\/contacto\\\/#breadcrumb\",\"itemListElement\":[{\"@type\":\"ListItem\",\"position\":1,\"name\":\"Home\",\"item\":\"https:\\\/\\\/www.thevintagelisbon.com\\\/es\\\/\"},{\"@type\":\"ListItem\",\"position\":2,\"name\":\"Contacto\"}]},{\"@type\":\"WebSite\",\"@id\":\"https:\\\/\\\/www.thevintagelisbon.com\\\/es\\\/#website\",\"url\":\"https:\\\/\\\/www.thevintagelisbon.com\\\/es\\\/\",\"name\":\"The Vintage Lisbon\",\"description\":\"The Vintage Lisbon Hotel and Spa\",\"potentialAction\":[{\"@type\":\"SearchAction\",\"target\":{\"@type\":\"EntryPoint\",\"urlTemplate\":\"https:\\\/\\\/www.thevintagelisbon.com\\\/es\\\/?s={search_term_string}\"},\"query-input\":{\"@type\":\"PropertyValueSpecification\",\"valueRequired\":true,\"valueName\":\"search_term_string\"}}],\"inLanguage\":\"es\"}]}<\/script>\n<!-- \/ Yoast SEO plugin. -->","yoast_head_json":{"title":"Contact Us - The Vintage Hotel & Spa - Lisbon, Portugal","description":"If you would like to know anything more about what we can offer, please feel free to get in touch with our team and they will answer any questions you have.","robots":{"index":"index","follow":"follow","max-snippet":"max-snippet:-1","max-image-preview":"max-image-preview:large","max-video-preview":"max-video-preview:-1"},"canonical":"https:\/\/www.thevintagelisbon.com\/es\/contacto\/","og_locale":"es_ES","og_type":"article","og_title":"Contact Us - The Vintage Hotel & Spa - Lisbon, Portugal","og_description":"If you would like to know anything more about what we can offer, please feel free to get in touch with our team and they will answer any questions you have.","og_url":"https:\/\/www.thevintagelisbon.com\/es\/contacto\/","og_site_name":"The Vintage Lisbon","article_modified_time":"2026-03-23T12:20:21+00:00","og_image":[{"width":526,"height":124,"url":"https:\/\/www.thevintagelisbon.com\/wp-content\/uploads\/2019\/10\/logo.png","type":"image\/png"}],"twitter_card":"summary_large_image","twitter_misc":{"Tiempo de lectura":"1 minuto"},"schema":{"@context":"https:\/\/schema.org","@graph":[{"@type":"WebPage","@id":"https:\/\/www.thevintagelisbon.com\/es\/contacto\/","url":"https:\/\/www.thevintagelisbon.com\/es\/contacto\/","name":"Contact Us - The Vintage Hotel & Spa - Lisbon, Portugal","isPartOf":{"@id":"https:\/\/www.thevintagelisbon.com\/es\/#website"},"datePublished":"2019-08-29T10:29:37+00:00","dateModified":"2026-03-23T12:20:21+00:00","description":"If you would like to know anything more about what we can offer, please feel free to get in touch with our team and they will answer any questions you have.","breadcrumb":{"@id":"https:\/\/www.thevintagelisbon.com\/es\/contacto\/#breadcrumb"},"inLanguage":"es","potentialAction":[{"@type":"ReadAction","target":["https:\/\/www.thevintagelisbon.com\/es\/contacto\/"]}]},{"@type":"BreadcrumbList","@id":"https:\/\/www.thevintagelisbon.com\/es\/contacto\/#breadcrumb","itemListElement":[{"@type":"ListItem","position":1,"name":"Home","item":"https:\/\/www.thevintagelisbon.com\/es\/"},{"@type":"ListItem","position":2,"name":"Contacto"}]},{"@type":"WebSite","@id":"https:\/\/www.thevintagelisbon.com\/es\/#website","url":"https:\/\/www.thevintagelisbon.com\/es\/","name":"The Vintage Lisbon","description":"The Vintage Lisbon Hotel and Spa","potentialAction":[{"@type":"SearchAction","target":{"@type":"EntryPoint","urlTemplate":"https:\/\/www.thevintagelisbon.com\/es\/?s={search_term_string}"},"query-input":{"@type":"PropertyValueSpecification","valueRequired":true,"valueName":"search_term_string"}}],"inLanguage":"es"}]}},"_links":{"self":[{"href":"https:\/\/www.thevintagelisbon.com\/es\/wp-json\/wp\/v2\/pages\/1891","targetHints":{"allow":["GET"]}}],"collection":[{"href":"https:\/\/www.thevintagelisbon.com\/es\/wp-json\/wp\/v2\/pages"}],"about":[{"href":"https:\/\/www.thevintagelisbon.com\/es\/wp-json\/wp\/v2\/types\/page"}],"author":[{"embeddable":true,"href":"https:\/\/www.thevintagelisbon.com\/es\/wp-json\/wp\/v2\/users\/1"}],"replies":[{"embeddable":true,"href":"https:\/\/www.thevintagelisbon.com\/es\/wp-json\/wp\/v2\/comments?post=1891"}],"version-history":[{"count":0,"href":"https:\/\/www.thevintagelisbon.com\/es\/wp-json\/wp\/v2\/pages\/1891\/revisions"}],"wp:attachment":[{"href":"https:\/\/www.thevintagelisbon.com\/es\/wp-json\/wp\/v2\/media?parent=1891"}],"curies":[{"name":"wp","href":"https:\/\/api.w.org\/{rel}","templated":true}]}}