{"id":1940,"date":"2019-08-29T11:32:42","date_gmt":"2019-08-29T10:32:42","guid":{"rendered":"https:\/\/www.thevintagelisbon.com\/contact\/find-us\/"},"modified":"2025-09-18T16:58:37","modified_gmt":"2025-09-18T15:58:37","slug":"como-encontrarnos","status":"publish","type":"page","link":"https:\/\/www.thevintagelisbon.com\/es\/contacto\/como-encontrarnos\/","title":{"rendered":"C\u00f3mo encontrarnos"},"content":{"rendered":"<h2>D\u00f3nde Estamos<\/h2>\n<p class=\"p1\"><span class=\"s1\">En el coraz\u00f3n del barrio m\u00e1s estiloso y animado de la ciudad, estamos a poca distancia de Pr\u00edncipe Real, el barrio cultural m\u00e1s ecl\u00e9ctico, Bairro Alto, el distrito bohemio que nunca duerme, y Avenida da Liberdade, la principal zona de compras y negocios de la ciudad. El refugio metropolitano de Chiado tambi\u00e9n est\u00e1 cerca, y ofrece galer\u00edas con estilo, cafeter\u00edas encantadoras, y vistas empapadas de sol sobre el r\u00edo Tajo.<\/span><\/p>\n<p>&nbsp;<\/p>\n","protected":false},"excerpt":{"rendered":"<p>D\u00f3nde Estamos En el coraz\u00f3n del barrio m\u00e1s estiloso y animado de la ciudad, estamos a poca distancia de Pr\u00edncipe [&hellip;]<\/p>\n","protected":false},"author":1,"featured_media":0,"parent":1891,"menu_order":0,"comment_status":"closed","ping_status":"closed","template":"templates\/find-us-template.php","meta":{"_acf_changed":false,"footnotes":""},"class_list":["post-1940","page","type-page","status-publish","hentry"],"acf":[],"yoast_head":"<!-- This site is optimized with the Yoast SEO plugin v27.4 - https:\/\/yoast.com\/product\/yoast-seo-wordpress\/ -->\n<title>C\u00f3mo encontrarnos - The Vintage Hotel &amp; Spa - Lisboa, Portugal<\/title>\n<meta name=\"description\" content=\"Nuestro hotel est\u00e1 situado a un corto paseo de Bairro Alto, Pr\u00edncipe Real, Chiado y la zona de negocios de la Avenida da Liberdade.\" \/>\n<meta name=\"robots\" content=\"index, follow, max-snippet:-1, max-image-preview:large, max-video-preview:-1\" \/>\n<link rel=\"canonical\" href=\"https:\/\/www.thevintagelisbon.com\/es\/contacto\/como-encontrarnos\/\" \/>\n<meta property=\"og:locale\" content=\"es_ES\" \/>\n<meta property=\"og:type\" content=\"article\" \/>\n<meta property=\"og:title\" content=\"C\u00f3mo encontrarnos - The Vintage Hotel &amp; Spa - Lisboa, Portugal\" \/>\n<meta property=\"og:description\" content=\"Nuestro hotel est\u00e1 situado a un corto paseo de Bairro Alto, Pr\u00edncipe Real, Chiado y la zona de negocios de la Avenida da Liberdade.\" \/>\n<meta property=\"og:url\" content=\"https:\/\/www.thevintagelisbon.com\/es\/contacto\/como-encontrarnos\/\" \/>\n<meta property=\"og:site_name\" content=\"The Vintage Lisbon\" \/>\n<meta property=\"article:modified_time\" content=\"2025-09-18T15:58:37+00:00\" \/>\n<meta property=\"og:image\" content=\"https:\/\/www.thevintagelisbon.com\/wp-content\/uploads\/2019\/10\/logo.png\" \/>\n\t<meta property=\"og:image:width\" content=\"526\" \/>\n\t<meta property=\"og:image:height\" content=\"124\" \/>\n\t<meta property=\"og:image:type\" content=\"image\/png\" \/>\n<meta name=\"twitter:card\" content=\"summary_large_image\" \/>\n<meta name=\"twitter:label1\" content=\"Tiempo de lectura\" \/>\n\t<meta name=\"twitter:data1\" content=\"1 minuto\" \/>\n<script type=\"application\/ld+json\" class=\"yoast-schema-graph\">{\"@context\":\"https:\\\/\\\/schema.org\",\"@graph\":[{\"@type\":\"WebPage\",\"@id\":\"https:\\\/\\\/www.thevintagelisbon.com\\\/es\\\/contacto\\\/como-encontrarnos\\\/\",\"url\":\"https:\\\/\\\/www.thevintagelisbon.com\\\/es\\\/contacto\\\/como-encontrarnos\\\/\",\"name\":\"C\u00f3mo encontrarnos - The Vintage Hotel & Spa - Lisboa, Portugal\",\"isPartOf\":{\"@id\":\"https:\\\/\\\/www.thevintagelisbon.com\\\/es\\\/#website\"},\"datePublished\":\"2019-08-29T10:32:42+00:00\",\"dateModified\":\"2025-09-18T15:58:37+00:00\",\"description\":\"Nuestro hotel est\u00e1 situado a un corto paseo de Bairro Alto, Pr\u00edncipe Real, Chiado y la zona de negocios de la Avenida da Liberdade.\",\"breadcrumb\":{\"@id\":\"https:\\\/\\\/www.thevintagelisbon.com\\\/es\\\/contacto\\\/como-encontrarnos\\\/#breadcrumb\"},\"inLanguage\":\"es\",\"potentialAction\":[{\"@type\":\"ReadAction\",\"target\":[\"https:\\\/\\\/www.thevintagelisbon.com\\\/es\\\/contacto\\\/como-encontrarnos\\\/\"]}]},{\"@type\":\"BreadcrumbList\",\"@id\":\"https:\\\/\\\/www.thevintagelisbon.com\\\/es\\\/contacto\\\/como-encontrarnos\\\/#breadcrumb\",\"itemListElement\":[{\"@type\":\"ListItem\",\"position\":1,\"name\":\"Home\",\"item\":\"https:\\\/\\\/www.thevintagelisbon.com\\\/es\\\/\"},{\"@type\":\"ListItem\",\"position\":2,\"name\":\"Contacto\",\"item\":\"https:\\\/\\\/www.thevintagelisbon.com\\\/es\\\/contacto\\\/\"},{\"@type\":\"ListItem\",\"position\":3,\"name\":\"C\u00f3mo encontrarnos\"}]},{\"@type\":\"WebSite\",\"@id\":\"https:\\\/\\\/www.thevintagelisbon.com\\\/es\\\/#website\",\"url\":\"https:\\\/\\\/www.thevintagelisbon.com\\\/es\\\/\",\"name\":\"The Vintage Lisbon\",\"description\":\"The Vintage Lisbon Hotel and Spa\",\"potentialAction\":[{\"@type\":\"SearchAction\",\"target\":{\"@type\":\"EntryPoint\",\"urlTemplate\":\"https:\\\/\\\/www.thevintagelisbon.com\\\/es\\\/?s={search_term_string}\"},\"query-input\":{\"@type\":\"PropertyValueSpecification\",\"valueRequired\":true,\"valueName\":\"search_term_string\"}}],\"inLanguage\":\"es\"}]}<\/script>\n<!-- \/ Yoast SEO plugin. -->","yoast_head_json":{"title":"C\u00f3mo encontrarnos - The Vintage Hotel & Spa - Lisboa, Portugal","description":"Nuestro hotel est\u00e1 situado a un corto paseo de Bairro Alto, Pr\u00edncipe Real, Chiado y la zona de negocios de la Avenida da Liberdade.","robots":{"index":"index","follow":"follow","max-snippet":"max-snippet:-1","max-image-preview":"max-image-preview:large","max-video-preview":"max-video-preview:-1"},"canonical":"https:\/\/www.thevintagelisbon.com\/es\/contacto\/como-encontrarnos\/","og_locale":"es_ES","og_type":"article","og_title":"C\u00f3mo encontrarnos - The Vintage Hotel & Spa - Lisboa, Portugal","og_description":"Nuestro hotel est\u00e1 situado a un corto paseo de Bairro Alto, Pr\u00edncipe Real, Chiado y la zona de negocios de la Avenida da Liberdade.","og_url":"https:\/\/www.thevintagelisbon.com\/es\/contacto\/como-encontrarnos\/","og_site_name":"The Vintage Lisbon","article_modified_time":"2025-09-18T15:58:37+00:00","og_image":[{"width":526,"height":124,"url":"https:\/\/www.thevintagelisbon.com\/wp-content\/uploads\/2019\/10\/logo.png","type":"image\/png"}],"twitter_card":"summary_large_image","twitter_misc":{"Tiempo de lectura":"1 minuto"},"schema":{"@context":"https:\/\/schema.org","@graph":[{"@type":"WebPage","@id":"https:\/\/www.thevintagelisbon.com\/es\/contacto\/como-encontrarnos\/","url":"https:\/\/www.thevintagelisbon.com\/es\/contacto\/como-encontrarnos\/","name":"C\u00f3mo encontrarnos - The Vintage Hotel & Spa - Lisboa, Portugal","isPartOf":{"@id":"https:\/\/www.thevintagelisbon.com\/es\/#website"},"datePublished":"2019-08-29T10:32:42+00:00","dateModified":"2025-09-18T15:58:37+00:00","description":"Nuestro hotel est\u00e1 situado a un corto paseo de Bairro Alto, Pr\u00edncipe Real, Chiado y la zona de negocios de la Avenida da Liberdade.","breadcrumb":{"@id":"https:\/\/www.thevintagelisbon.com\/es\/contacto\/como-encontrarnos\/#breadcrumb"},"inLanguage":"es","potentialAction":[{"@type":"ReadAction","target":["https:\/\/www.thevintagelisbon.com\/es\/contacto\/como-encontrarnos\/"]}]},{"@type":"BreadcrumbList","@id":"https:\/\/www.thevintagelisbon.com\/es\/contacto\/como-encontrarnos\/#breadcrumb","itemListElement":[{"@type":"ListItem","position":1,"name":"Home","item":"https:\/\/www.thevintagelisbon.com\/es\/"},{"@type":"ListItem","position":2,"name":"Contacto","item":"https:\/\/www.thevintagelisbon.com\/es\/contacto\/"},{"@type":"ListItem","position":3,"name":"C\u00f3mo encontrarnos"}]},{"@type":"WebSite","@id":"https:\/\/www.thevintagelisbon.com\/es\/#website","url":"https:\/\/www.thevintagelisbon.com\/es\/","name":"The Vintage Lisbon","description":"The Vintage Lisbon Hotel and Spa","potentialAction":[{"@type":"SearchAction","target":{"@type":"EntryPoint","urlTemplate":"https:\/\/www.thevintagelisbon.com\/es\/?s={search_term_string}"},"query-input":{"@type":"PropertyValueSpecification","valueRequired":true,"valueName":"search_term_string"}}],"inLanguage":"es"}]}},"_links":{"self":[{"href":"https:\/\/www.thevintagelisbon.com\/es\/wp-json\/wp\/v2\/pages\/1940","targetHints":{"allow":["GET"]}}],"collection":[{"href":"https:\/\/www.thevintagelisbon.com\/es\/wp-json\/wp\/v2\/pages"}],"about":[{"href":"https:\/\/www.thevintagelisbon.com\/es\/wp-json\/wp\/v2\/types\/page"}],"author":[{"embeddable":true,"href":"https:\/\/www.thevintagelisbon.com\/es\/wp-json\/wp\/v2\/users\/1"}],"replies":[{"embeddable":true,"href":"https:\/\/www.thevintagelisbon.com\/es\/wp-json\/wp\/v2\/comments?post=1940"}],"version-history":[{"count":0,"href":"https:\/\/www.thevintagelisbon.com\/es\/wp-json\/wp\/v2\/pages\/1940\/revisions"}],"up":[{"embeddable":true,"href":"https:\/\/www.thevintagelisbon.com\/es\/wp-json\/wp\/v2\/pages\/1891"}],"wp:attachment":[{"href":"https:\/\/www.thevintagelisbon.com\/es\/wp-json\/wp\/v2\/media?parent=1940"}],"curies":[{"name":"wp","href":"https:\/\/api.w.org\/{rel}","templated":true}]}}