{"id":9418,"date":"2024-08-07T14:53:30","date_gmt":"2024-08-07T13:53:30","guid":{"rendered":"https:\/\/www.thevintagelisbon.com\/?page_id=9418"},"modified":"2024-09-11T10:55:04","modified_gmt":"2024-09-11T09:55:04","slug":"sostenibilidad","status":"publish","type":"page","link":"https:\/\/www.thevintagelisbon.com\/es\/sostenibilidad\/","title":{"rendered":"Sostenibilidad"},"content":{"rendered":"<p style=\"text-align: center;\">La Madre Tierra ha sido una anfitriona acogedora para nosotros los humanos. Ya es hora de que le mostremos el mismo respeto.<\/p>\n<p>&nbsp;<\/p>\n<p style=\"text-align: center;\">Nuestro mundo no necesita m\u00e1s edificios, necesita que se cuiden los que ya son testimonio del pasado\u2026y en eso estamos.<\/p>\n<p>&nbsp;<\/p>\n<p style=\"text-align: center;\">No s\u00f3lo invertimos conscientemente en edificios patrimoniales, sino que los renovamos y rehabilitamos de forma que se minimice nuestro impacto medioambiental y social. Para nuestros hu\u00e9spedes. Para nuestra ciudad. Para el mundo.<\/p>\n<p>&nbsp;<\/p>\n<p style=\"text-align: center;\">Toda la familia Bomporto est\u00e1 comprometida con la sostenibilidad. Y no son s\u00f3lo palabras vac\u00edas\u2026 Forma parte de nuestra cultura.<\/p>\n<p>&nbsp;<\/p>\n<p style=\"text-align: center;\">Haga clic <strong><a href=\"https:\/\/www.thevintagelisbon.com\/wp-content\/uploads\/2024\/09\/Sustainability-Factsheets_Vintage_set_24_ES.pdf\" target=\"_blank\" rel=\"noopener\">aqu\u00ed<\/a> <\/strong>para leer la ficha de sostenibilidad de The Vintage.<\/p>\n<p style=\"text-align: center;\">Haga clic <strong><a href=\"https:\/\/www.thevintagelisbon.com\/wp-content\/uploads\/2024\/08\/Bomportos-Planet-Pledge_PT.pdf\" target=\"_blank\" rel=\"noopener\">aqu\u00ed<\/a> <\/strong>para leer en detalle el Compromiso Planetario de Bomporto.<\/p>\n","protected":false},"excerpt":{"rendered":"<p>La Madre Tierra ha sido una anfitriona acogedora para nosotros los humanos. Ya es hora de que le mostremos el [&hellip;]<\/p>\n","protected":false},"author":1,"featured_media":0,"parent":0,"menu_order":0,"comment_status":"closed","ping_status":"closed","template":"templates\/sustainability-template.php","meta":{"_acf_changed":false,"footnotes":""},"class_list":["post-9418","page","type-page","status-publish","hentry"],"acf":[],"yoast_head":"<!-- This site is optimized with the Yoast SEO plugin v27.5 - https:\/\/yoast.com\/product\/yoast-seo-wordpress\/ -->\n<title>Sostenibilidad - The Vintage Lisbon<\/title>\n<meta name=\"description\" content=\"El Vintage Hotel est\u00e1 comprometido con la sostenibilidad, forma parte de nuestra cultura. Descubra m\u00e1s sobre nuestras acciones.\" \/>\n<meta name=\"robots\" content=\"index, follow, max-snippet:-1, max-image-preview:large, max-video-preview:-1\" \/>\n<link rel=\"canonical\" href=\"https:\/\/www.thevintagelisbon.com\/es\/sostenibilidad\/\" \/>\n<meta property=\"og:locale\" content=\"es_ES\" \/>\n<meta property=\"og:type\" content=\"article\" \/>\n<meta property=\"og:title\" content=\"Sostenibilidad - The Vintage Lisbon\" \/>\n<meta property=\"og:description\" content=\"El Vintage Hotel est\u00e1 comprometido con la sostenibilidad, forma parte de nuestra cultura. Descubra m\u00e1s sobre nuestras acciones.\" \/>\n<meta property=\"og:url\" content=\"https:\/\/www.thevintagelisbon.com\/es\/sostenibilidad\/\" \/>\n<meta property=\"og:site_name\" content=\"The Vintage Lisbon\" \/>\n<meta property=\"article:modified_time\" content=\"2024-09-11T09:55:04+00:00\" \/>\n<meta property=\"og:image\" content=\"https:\/\/www.thevintagelisbon.com\/wp-content\/uploads\/2019\/10\/logo.png\" \/>\n\t<meta property=\"og:image:width\" content=\"526\" \/>\n\t<meta property=\"og:image:height\" content=\"124\" \/>\n\t<meta property=\"og:image:type\" content=\"image\/png\" \/>\n<meta name=\"twitter:card\" content=\"summary_large_image\" \/>\n<meta name=\"twitter:label1\" content=\"Tiempo de lectura\" \/>\n\t<meta name=\"twitter:data1\" content=\"1 minuto\" \/>\n<script type=\"application\/ld+json\" class=\"yoast-schema-graph\">{\"@context\":\"https:\\\/\\\/schema.org\",\"@graph\":[{\"@type\":\"WebPage\",\"@id\":\"https:\\\/\\\/www.thevintagelisbon.com\\\/es\\\/sostenibilidad\\\/\",\"url\":\"https:\\\/\\\/www.thevintagelisbon.com\\\/es\\\/sostenibilidad\\\/\",\"name\":\"Sostenibilidad - The Vintage Lisbon\",\"isPartOf\":{\"@id\":\"https:\\\/\\\/www.thevintagelisbon.com\\\/es\\\/#website\"},\"datePublished\":\"2024-08-07T13:53:30+00:00\",\"dateModified\":\"2024-09-11T09:55:04+00:00\",\"description\":\"El Vintage Hotel est\u00e1 comprometido con la sostenibilidad, forma parte de nuestra cultura. Descubra m\u00e1s sobre nuestras acciones.\",\"breadcrumb\":{\"@id\":\"https:\\\/\\\/www.thevintagelisbon.com\\\/es\\\/sostenibilidad\\\/#breadcrumb\"},\"inLanguage\":\"es\",\"potentialAction\":[{\"@type\":\"ReadAction\",\"target\":[\"https:\\\/\\\/www.thevintagelisbon.com\\\/es\\\/sostenibilidad\\\/\"]}]},{\"@type\":\"BreadcrumbList\",\"@id\":\"https:\\\/\\\/www.thevintagelisbon.com\\\/es\\\/sostenibilidad\\\/#breadcrumb\",\"itemListElement\":[{\"@type\":\"ListItem\",\"position\":1,\"name\":\"Home\",\"item\":\"https:\\\/\\\/www.thevintagelisbon.com\\\/es\\\/\"},{\"@type\":\"ListItem\",\"position\":2,\"name\":\"Sostenibilidad\"}]},{\"@type\":\"WebSite\",\"@id\":\"https:\\\/\\\/www.thevintagelisbon.com\\\/es\\\/#website\",\"url\":\"https:\\\/\\\/www.thevintagelisbon.com\\\/es\\\/\",\"name\":\"The Vintage Lisbon\",\"description\":\"The Vintage Lisbon Hotel and Spa\",\"potentialAction\":[{\"@type\":\"SearchAction\",\"target\":{\"@type\":\"EntryPoint\",\"urlTemplate\":\"https:\\\/\\\/www.thevintagelisbon.com\\\/es\\\/?s={search_term_string}\"},\"query-input\":{\"@type\":\"PropertyValueSpecification\",\"valueRequired\":true,\"valueName\":\"search_term_string\"}}],\"inLanguage\":\"es\"}]}<\/script>\n<!-- \/ Yoast SEO plugin. -->","yoast_head_json":{"title":"Sostenibilidad - The Vintage Lisbon","description":"El Vintage Hotel est\u00e1 comprometido con la sostenibilidad, forma parte de nuestra cultura. Descubra m\u00e1s sobre nuestras acciones.","robots":{"index":"index","follow":"follow","max-snippet":"max-snippet:-1","max-image-preview":"max-image-preview:large","max-video-preview":"max-video-preview:-1"},"canonical":"https:\/\/www.thevintagelisbon.com\/es\/sostenibilidad\/","og_locale":"es_ES","og_type":"article","og_title":"Sostenibilidad - The Vintage Lisbon","og_description":"El Vintage Hotel est\u00e1 comprometido con la sostenibilidad, forma parte de nuestra cultura. Descubra m\u00e1s sobre nuestras acciones.","og_url":"https:\/\/www.thevintagelisbon.com\/es\/sostenibilidad\/","og_site_name":"The Vintage Lisbon","article_modified_time":"2024-09-11T09:55:04+00:00","og_image":[{"width":526,"height":124,"url":"https:\/\/www.thevintagelisbon.com\/wp-content\/uploads\/2019\/10\/logo.png","type":"image\/png"}],"twitter_card":"summary_large_image","twitter_misc":{"Tiempo de lectura":"1 minuto"},"schema":{"@context":"https:\/\/schema.org","@graph":[{"@type":"WebPage","@id":"https:\/\/www.thevintagelisbon.com\/es\/sostenibilidad\/","url":"https:\/\/www.thevintagelisbon.com\/es\/sostenibilidad\/","name":"Sostenibilidad - The Vintage Lisbon","isPartOf":{"@id":"https:\/\/www.thevintagelisbon.com\/es\/#website"},"datePublished":"2024-08-07T13:53:30+00:00","dateModified":"2024-09-11T09:55:04+00:00","description":"El Vintage Hotel est\u00e1 comprometido con la sostenibilidad, forma parte de nuestra cultura. Descubra m\u00e1s sobre nuestras acciones.","breadcrumb":{"@id":"https:\/\/www.thevintagelisbon.com\/es\/sostenibilidad\/#breadcrumb"},"inLanguage":"es","potentialAction":[{"@type":"ReadAction","target":["https:\/\/www.thevintagelisbon.com\/es\/sostenibilidad\/"]}]},{"@type":"BreadcrumbList","@id":"https:\/\/www.thevintagelisbon.com\/es\/sostenibilidad\/#breadcrumb","itemListElement":[{"@type":"ListItem","position":1,"name":"Home","item":"https:\/\/www.thevintagelisbon.com\/es\/"},{"@type":"ListItem","position":2,"name":"Sostenibilidad"}]},{"@type":"WebSite","@id":"https:\/\/www.thevintagelisbon.com\/es\/#website","url":"https:\/\/www.thevintagelisbon.com\/es\/","name":"The Vintage Lisbon","description":"The Vintage Lisbon Hotel and Spa","potentialAction":[{"@type":"SearchAction","target":{"@type":"EntryPoint","urlTemplate":"https:\/\/www.thevintagelisbon.com\/es\/?s={search_term_string}"},"query-input":{"@type":"PropertyValueSpecification","valueRequired":true,"valueName":"search_term_string"}}],"inLanguage":"es"}]}},"_links":{"self":[{"href":"https:\/\/www.thevintagelisbon.com\/es\/wp-json\/wp\/v2\/pages\/9418","targetHints":{"allow":["GET"]}}],"collection":[{"href":"https:\/\/www.thevintagelisbon.com\/es\/wp-json\/wp\/v2\/pages"}],"about":[{"href":"https:\/\/www.thevintagelisbon.com\/es\/wp-json\/wp\/v2\/types\/page"}],"author":[{"embeddable":true,"href":"https:\/\/www.thevintagelisbon.com\/es\/wp-json\/wp\/v2\/users\/1"}],"replies":[{"embeddable":true,"href":"https:\/\/www.thevintagelisbon.com\/es\/wp-json\/wp\/v2\/comments?post=9418"}],"version-history":[{"count":0,"href":"https:\/\/www.thevintagelisbon.com\/es\/wp-json\/wp\/v2\/pages\/9418\/revisions"}],"wp:attachment":[{"href":"https:\/\/www.thevintagelisbon.com\/es\/wp-json\/wp\/v2\/media?parent=9418"}],"curies":[{"name":"wp","href":"https:\/\/api.w.org\/{rel}","templated":true}]}}