{"id":1893,"date":"2019-08-29T11:29:37","date_gmt":"2019-08-29T10:29:37","guid":{"rendered":"https:\/\/www.thevintagelisbon.com\/contact\/"},"modified":"2026-03-23T12:18:30","modified_gmt":"2026-03-23T12:18:30","slug":"contactez-nous","status":"publish","type":"page","link":"https:\/\/www.thevintagelisbon.com\/fr\/contactez-nous\/","title":{"rendered":"Contactez Nous"},"content":{"rendered":"<h2>ENTREZ EN CONTACT<\/h2>\n<p>Si vous souhaitez avoir des renseignements suppl\u00e9mentaires sur nos offres, n\u2019h\u00e9sitez pas en entrer en contact ci-dessous. Notre \u00e9quipe se fera un plaisir de r\u00e9pondre \u00e0 vos questions.<\/p>\n","protected":false},"excerpt":{"rendered":"<p>ENTREZ EN CONTACT Si vous souhaitez avoir des renseignements suppl\u00e9mentaires sur nos offres, n\u2019h\u00e9sitez pas en entrer en contact ci-dessous. [&hellip;]<\/p>\n","protected":false},"author":1,"featured_media":0,"parent":0,"menu_order":0,"comment_status":"closed","ping_status":"closed","template":"templates\/contact-template.php","meta":{"_acf_changed":false,"footnotes":""},"class_list":["post-1893","page","type-page","status-publish","hentry"],"acf":[],"yoast_head":"<!-- This site is optimized with the Yoast SEO plugin v27.3 - https:\/\/yoast.com\/product\/yoast-seo-wordpress\/ -->\n<title>Contactez Nous - The Vintage Hotel &amp; Spa - Lisbonne, Portugal<\/title>\n<meta name=\"description\" content=\"Si vous souhaitez en savoir plus sur ce que nous pouvons vous offrir, n&#039;h\u00e9sitez pas \u00e0 prendre contact avec notre \u00e9quipe.\" \/>\n<meta name=\"robots\" content=\"index, follow, max-snippet:-1, max-image-preview:large, max-video-preview:-1\" \/>\n<link rel=\"canonical\" href=\"https:\/\/www.thevintagelisbon.com\/fr\/contactez-nous\/\" \/>\n<meta property=\"og:locale\" content=\"fr_FR\" \/>\n<meta property=\"og:type\" content=\"article\" \/>\n<meta property=\"og:title\" content=\"Contactez Nous - The Vintage Hotel &amp; Spa - Lisbonne, Portugal\" \/>\n<meta property=\"og:description\" content=\"Si vous souhaitez en savoir plus sur ce que nous pouvons vous offrir, n&#039;h\u00e9sitez pas \u00e0 prendre contact avec notre \u00e9quipe.\" \/>\n<meta property=\"og:url\" content=\"https:\/\/www.thevintagelisbon.com\/fr\/contactez-nous\/\" \/>\n<meta property=\"og:site_name\" content=\"The Vintage Lisbon\" \/>\n<meta property=\"article:modified_time\" content=\"2026-03-23T12:18:30+00:00\" \/>\n<meta property=\"og:image\" content=\"https:\/\/www.thevintagelisbon.com\/wp-content\/uploads\/2019\/10\/logo.png\" \/>\n\t<meta property=\"og:image:width\" content=\"526\" \/>\n\t<meta property=\"og:image:height\" content=\"124\" \/>\n\t<meta property=\"og:image:type\" content=\"image\/png\" \/>\n<meta name=\"twitter:card\" content=\"summary_large_image\" \/>\n<meta name=\"twitter:label1\" content=\"Dur\u00e9e de lecture estim\u00e9e\" \/>\n\t<meta name=\"twitter:data1\" content=\"1 minute\" \/>\n<script type=\"application\/ld+json\" class=\"yoast-schema-graph\">{\"@context\":\"https:\\\/\\\/schema.org\",\"@graph\":[{\"@type\":\"WebPage\",\"@id\":\"https:\\\/\\\/www.thevintagelisbon.com\\\/fr\\\/contactez-nous\\\/\",\"url\":\"https:\\\/\\\/www.thevintagelisbon.com\\\/fr\\\/contactez-nous\\\/\",\"name\":\"Contactez Nous - The Vintage Hotel & Spa - Lisbonne, Portugal\",\"isPartOf\":{\"@id\":\"https:\\\/\\\/www.thevintagelisbon.com\\\/fr\\\/#website\"},\"datePublished\":\"2019-08-29T10:29:37+00:00\",\"dateModified\":\"2026-03-23T12:18:30+00:00\",\"description\":\"Si vous souhaitez en savoir plus sur ce que nous pouvons vous offrir, n'h\u00e9sitez pas \u00e0 prendre contact avec notre \u00e9quipe.\",\"breadcrumb\":{\"@id\":\"https:\\\/\\\/www.thevintagelisbon.com\\\/fr\\\/contactez-nous\\\/#breadcrumb\"},\"inLanguage\":\"fr-FR\",\"potentialAction\":[{\"@type\":\"ReadAction\",\"target\":[\"https:\\\/\\\/www.thevintagelisbon.com\\\/fr\\\/contactez-nous\\\/\"]}]},{\"@type\":\"BreadcrumbList\",\"@id\":\"https:\\\/\\\/www.thevintagelisbon.com\\\/fr\\\/contactez-nous\\\/#breadcrumb\",\"itemListElement\":[{\"@type\":\"ListItem\",\"position\":1,\"name\":\"Home\",\"item\":\"https:\\\/\\\/www.thevintagelisbon.com\\\/fr\\\/\"},{\"@type\":\"ListItem\",\"position\":2,\"name\":\"Contactez Nous\"}]},{\"@type\":\"WebSite\",\"@id\":\"https:\\\/\\\/www.thevintagelisbon.com\\\/fr\\\/#website\",\"url\":\"https:\\\/\\\/www.thevintagelisbon.com\\\/fr\\\/\",\"name\":\"The Vintage Lisbon\",\"description\":\"The Vintage Lisbon Hotel and Spa\",\"potentialAction\":[{\"@type\":\"SearchAction\",\"target\":{\"@type\":\"EntryPoint\",\"urlTemplate\":\"https:\\\/\\\/www.thevintagelisbon.com\\\/fr\\\/?s={search_term_string}\"},\"query-input\":{\"@type\":\"PropertyValueSpecification\",\"valueRequired\":true,\"valueName\":\"search_term_string\"}}],\"inLanguage\":\"fr-FR\"}]}<\/script>\n<!-- \/ Yoast SEO plugin. -->","yoast_head_json":{"title":"Contactez Nous - The Vintage Hotel & Spa - Lisbonne, Portugal","description":"Si vous souhaitez en savoir plus sur ce que nous pouvons vous offrir, n'h\u00e9sitez pas \u00e0 prendre contact avec notre \u00e9quipe.","robots":{"index":"index","follow":"follow","max-snippet":"max-snippet:-1","max-image-preview":"max-image-preview:large","max-video-preview":"max-video-preview:-1"},"canonical":"https:\/\/www.thevintagelisbon.com\/fr\/contactez-nous\/","og_locale":"fr_FR","og_type":"article","og_title":"Contactez Nous - The Vintage Hotel & Spa - Lisbonne, Portugal","og_description":"Si vous souhaitez en savoir plus sur ce que nous pouvons vous offrir, n'h\u00e9sitez pas \u00e0 prendre contact avec notre \u00e9quipe.","og_url":"https:\/\/www.thevintagelisbon.com\/fr\/contactez-nous\/","og_site_name":"The Vintage Lisbon","article_modified_time":"2026-03-23T12:18:30+00:00","og_image":[{"width":526,"height":124,"url":"https:\/\/www.thevintagelisbon.com\/wp-content\/uploads\/2019\/10\/logo.png","type":"image\/png"}],"twitter_card":"summary_large_image","twitter_misc":{"Dur\u00e9e de lecture estim\u00e9e":"1 minute"},"schema":{"@context":"https:\/\/schema.org","@graph":[{"@type":"WebPage","@id":"https:\/\/www.thevintagelisbon.com\/fr\/contactez-nous\/","url":"https:\/\/www.thevintagelisbon.com\/fr\/contactez-nous\/","name":"Contactez Nous - The Vintage Hotel & Spa - Lisbonne, Portugal","isPartOf":{"@id":"https:\/\/www.thevintagelisbon.com\/fr\/#website"},"datePublished":"2019-08-29T10:29:37+00:00","dateModified":"2026-03-23T12:18:30+00:00","description":"Si vous souhaitez en savoir plus sur ce que nous pouvons vous offrir, n'h\u00e9sitez pas \u00e0 prendre contact avec notre \u00e9quipe.","breadcrumb":{"@id":"https:\/\/www.thevintagelisbon.com\/fr\/contactez-nous\/#breadcrumb"},"inLanguage":"fr-FR","potentialAction":[{"@type":"ReadAction","target":["https:\/\/www.thevintagelisbon.com\/fr\/contactez-nous\/"]}]},{"@type":"BreadcrumbList","@id":"https:\/\/www.thevintagelisbon.com\/fr\/contactez-nous\/#breadcrumb","itemListElement":[{"@type":"ListItem","position":1,"name":"Home","item":"https:\/\/www.thevintagelisbon.com\/fr\/"},{"@type":"ListItem","position":2,"name":"Contactez Nous"}]},{"@type":"WebSite","@id":"https:\/\/www.thevintagelisbon.com\/fr\/#website","url":"https:\/\/www.thevintagelisbon.com\/fr\/","name":"The Vintage Lisbon","description":"The Vintage Lisbon Hotel and Spa","potentialAction":[{"@type":"SearchAction","target":{"@type":"EntryPoint","urlTemplate":"https:\/\/www.thevintagelisbon.com\/fr\/?s={search_term_string}"},"query-input":{"@type":"PropertyValueSpecification","valueRequired":true,"valueName":"search_term_string"}}],"inLanguage":"fr-FR"}]}},"_links":{"self":[{"href":"https:\/\/www.thevintagelisbon.com\/fr\/wp-json\/wp\/v2\/pages\/1893","targetHints":{"allow":["GET"]}}],"collection":[{"href":"https:\/\/www.thevintagelisbon.com\/fr\/wp-json\/wp\/v2\/pages"}],"about":[{"href":"https:\/\/www.thevintagelisbon.com\/fr\/wp-json\/wp\/v2\/types\/page"}],"author":[{"embeddable":true,"href":"https:\/\/www.thevintagelisbon.com\/fr\/wp-json\/wp\/v2\/users\/1"}],"replies":[{"embeddable":true,"href":"https:\/\/www.thevintagelisbon.com\/fr\/wp-json\/wp\/v2\/comments?post=1893"}],"version-history":[{"count":0,"href":"https:\/\/www.thevintagelisbon.com\/fr\/wp-json\/wp\/v2\/pages\/1893\/revisions"}],"wp:attachment":[{"href":"https:\/\/www.thevintagelisbon.com\/fr\/wp-json\/wp\/v2\/media?parent=1893"}],"curies":[{"name":"wp","href":"https:\/\/api.w.org\/{rel}","templated":true}]}}