{"id":1900,"date":"2019-10-04T10:10:45","date_gmt":"2019-10-04T09:10:45","guid":{"rendered":"https:\/\/www.thevintagelisbon.com\/bomporto-hotels\/"},"modified":"2025-09-24T14:38:20","modified_gmt":"2025-09-24T13:38:20","slug":"bomporto-hotels","status":"publish","type":"page","link":"https:\/\/www.thevintagelisbon.com\/fr\/bomporto-hotels\/","title":{"rendered":"Bomporto Hotels"},"content":{"rendered":"<h2>About<\/h2>\n<p>Lorem ipsum dolor sit amet, consectetur adipiscing elit. Aenean euismod bibendum laoreet. Proin gravida dolor sit amet lacus accumsan et viverra justo commodo. Proin sodales pulvinar sic tempor.<\/p>\n","protected":false},"excerpt":{"rendered":"<p>About Lorem ipsum dolor sit amet, consectetur adipiscing elit. Aenean euismod bibendum laoreet. Proin gravida dolor sit amet lacus accumsan [&hellip;]<\/p>\n","protected":false},"author":1,"featured_media":0,"parent":0,"menu_order":0,"comment_status":"closed","ping_status":"closed","template":"templates\/our-story-template.php","meta":{"_acf_changed":false,"footnotes":""},"class_list":["post-1900","page","type-page","status-publish","hentry"],"acf":[],"yoast_head":"<!-- This site is optimized with the Yoast SEO plugin v27.3 - https:\/\/yoast.com\/product\/yoast-seo-wordpress\/ -->\n<title>Bomporto Hotels - The Vintage Lisbon - Lisbonne, Portugal<\/title>\n<meta name=\"description\" content=\"Bomporto Hotels a \u00e9t\u00e9 cr\u00e9\u00e9 \u00e0 l&#039;oppos\u00e9 d&#039;une cha\u00eene d&#039;h\u00f4tels d&#039;entreprise. Nous avons des h\u00f4tels \u00e0 Porto et \u00e0 Lisbonne.\" \/>\n<meta name=\"robots\" content=\"index, follow, max-snippet:-1, max-image-preview:large, max-video-preview:-1\" \/>\n<link rel=\"canonical\" href=\"https:\/\/www.thevintagelisbon.com\/fr\/bomporto-hotels\/\" \/>\n<meta property=\"og:locale\" content=\"fr_FR\" \/>\n<meta property=\"og:type\" content=\"article\" \/>\n<meta property=\"og:title\" content=\"Bomporto Hotels - The Vintage Lisbon - Lisbonne, Portugal\" \/>\n<meta property=\"og:description\" content=\"Bomporto Hotels a \u00e9t\u00e9 cr\u00e9\u00e9 \u00e0 l&#039;oppos\u00e9 d&#039;une cha\u00eene d&#039;h\u00f4tels d&#039;entreprise. Nous avons des h\u00f4tels \u00e0 Porto et \u00e0 Lisbonne.\" \/>\n<meta property=\"og:url\" content=\"https:\/\/www.thevintagelisbon.com\/fr\/bomporto-hotels\/\" \/>\n<meta property=\"og:site_name\" content=\"The Vintage Lisbon\" \/>\n<meta property=\"article:modified_time\" content=\"2025-09-24T13:38:20+00:00\" \/>\n<meta property=\"og:image\" content=\"https:\/\/www.thevintagelisbon.com\/wp-content\/uploads\/2019\/10\/logo.png\" \/>\n\t<meta property=\"og:image:width\" content=\"526\" \/>\n\t<meta property=\"og:image:height\" content=\"124\" \/>\n\t<meta property=\"og:image:type\" content=\"image\/png\" \/>\n<meta name=\"twitter:card\" content=\"summary_large_image\" \/>\n<meta name=\"twitter:label1\" content=\"Dur\u00e9e de lecture estim\u00e9e\" \/>\n\t<meta name=\"twitter:data1\" content=\"1 minute\" \/>\n<script type=\"application\/ld+json\" class=\"yoast-schema-graph\">{\"@context\":\"https:\\\/\\\/schema.org\",\"@graph\":[{\"@type\":\"WebPage\",\"@id\":\"https:\\\/\\\/www.thevintagelisbon.com\\\/fr\\\/bomporto-hotels\\\/\",\"url\":\"https:\\\/\\\/www.thevintagelisbon.com\\\/fr\\\/bomporto-hotels\\\/\",\"name\":\"Bomporto Hotels - The Vintage Lisbon - Lisbonne, Portugal\",\"isPartOf\":{\"@id\":\"https:\\\/\\\/www.thevintagelisbon.com\\\/fr\\\/#website\"},\"datePublished\":\"2019-10-04T09:10:45+00:00\",\"dateModified\":\"2025-09-24T13:38:20+00:00\",\"description\":\"Bomporto Hotels a \u00e9t\u00e9 cr\u00e9\u00e9 \u00e0 l'oppos\u00e9 d'une cha\u00eene d'h\u00f4tels d'entreprise. Nous avons des h\u00f4tels \u00e0 Porto et \u00e0 Lisbonne.\",\"breadcrumb\":{\"@id\":\"https:\\\/\\\/www.thevintagelisbon.com\\\/fr\\\/bomporto-hotels\\\/#breadcrumb\"},\"inLanguage\":\"fr-FR\",\"potentialAction\":[{\"@type\":\"ReadAction\",\"target\":[\"https:\\\/\\\/www.thevintagelisbon.com\\\/fr\\\/bomporto-hotels\\\/\"]}]},{\"@type\":\"BreadcrumbList\",\"@id\":\"https:\\\/\\\/www.thevintagelisbon.com\\\/fr\\\/bomporto-hotels\\\/#breadcrumb\",\"itemListElement\":[{\"@type\":\"ListItem\",\"position\":1,\"name\":\"Home\",\"item\":\"https:\\\/\\\/www.thevintagelisbon.com\\\/fr\\\/\"},{\"@type\":\"ListItem\",\"position\":2,\"name\":\"Bomporto Hotels\"}]},{\"@type\":\"WebSite\",\"@id\":\"https:\\\/\\\/www.thevintagelisbon.com\\\/fr\\\/#website\",\"url\":\"https:\\\/\\\/www.thevintagelisbon.com\\\/fr\\\/\",\"name\":\"The Vintage Lisbon\",\"description\":\"The Vintage Lisbon Hotel and Spa\",\"potentialAction\":[{\"@type\":\"SearchAction\",\"target\":{\"@type\":\"EntryPoint\",\"urlTemplate\":\"https:\\\/\\\/www.thevintagelisbon.com\\\/fr\\\/?s={search_term_string}\"},\"query-input\":{\"@type\":\"PropertyValueSpecification\",\"valueRequired\":true,\"valueName\":\"search_term_string\"}}],\"inLanguage\":\"fr-FR\"}]}<\/script>\n<!-- \/ Yoast SEO plugin. -->","yoast_head_json":{"title":"Bomporto Hotels - The Vintage Lisbon - Lisbonne, Portugal","description":"Bomporto Hotels a \u00e9t\u00e9 cr\u00e9\u00e9 \u00e0 l'oppos\u00e9 d'une cha\u00eene d'h\u00f4tels d'entreprise. Nous avons des h\u00f4tels \u00e0 Porto et \u00e0 Lisbonne.","robots":{"index":"index","follow":"follow","max-snippet":"max-snippet:-1","max-image-preview":"max-image-preview:large","max-video-preview":"max-video-preview:-1"},"canonical":"https:\/\/www.thevintagelisbon.com\/fr\/bomporto-hotels\/","og_locale":"fr_FR","og_type":"article","og_title":"Bomporto Hotels - The Vintage Lisbon - Lisbonne, Portugal","og_description":"Bomporto Hotels a \u00e9t\u00e9 cr\u00e9\u00e9 \u00e0 l'oppos\u00e9 d'une cha\u00eene d'h\u00f4tels d'entreprise. Nous avons des h\u00f4tels \u00e0 Porto et \u00e0 Lisbonne.","og_url":"https:\/\/www.thevintagelisbon.com\/fr\/bomporto-hotels\/","og_site_name":"The Vintage Lisbon","article_modified_time":"2025-09-24T13:38:20+00:00","og_image":[{"width":526,"height":124,"url":"https:\/\/www.thevintagelisbon.com\/wp-content\/uploads\/2019\/10\/logo.png","type":"image\/png"}],"twitter_card":"summary_large_image","twitter_misc":{"Dur\u00e9e de lecture estim\u00e9e":"1 minute"},"schema":{"@context":"https:\/\/schema.org","@graph":[{"@type":"WebPage","@id":"https:\/\/www.thevintagelisbon.com\/fr\/bomporto-hotels\/","url":"https:\/\/www.thevintagelisbon.com\/fr\/bomporto-hotels\/","name":"Bomporto Hotels - The Vintage Lisbon - Lisbonne, Portugal","isPartOf":{"@id":"https:\/\/www.thevintagelisbon.com\/fr\/#website"},"datePublished":"2019-10-04T09:10:45+00:00","dateModified":"2025-09-24T13:38:20+00:00","description":"Bomporto Hotels a \u00e9t\u00e9 cr\u00e9\u00e9 \u00e0 l'oppos\u00e9 d'une cha\u00eene d'h\u00f4tels d'entreprise. Nous avons des h\u00f4tels \u00e0 Porto et \u00e0 Lisbonne.","breadcrumb":{"@id":"https:\/\/www.thevintagelisbon.com\/fr\/bomporto-hotels\/#breadcrumb"},"inLanguage":"fr-FR","potentialAction":[{"@type":"ReadAction","target":["https:\/\/www.thevintagelisbon.com\/fr\/bomporto-hotels\/"]}]},{"@type":"BreadcrumbList","@id":"https:\/\/www.thevintagelisbon.com\/fr\/bomporto-hotels\/#breadcrumb","itemListElement":[{"@type":"ListItem","position":1,"name":"Home","item":"https:\/\/www.thevintagelisbon.com\/fr\/"},{"@type":"ListItem","position":2,"name":"Bomporto Hotels"}]},{"@type":"WebSite","@id":"https:\/\/www.thevintagelisbon.com\/fr\/#website","url":"https:\/\/www.thevintagelisbon.com\/fr\/","name":"The Vintage Lisbon","description":"The Vintage Lisbon Hotel and Spa","potentialAction":[{"@type":"SearchAction","target":{"@type":"EntryPoint","urlTemplate":"https:\/\/www.thevintagelisbon.com\/fr\/?s={search_term_string}"},"query-input":{"@type":"PropertyValueSpecification","valueRequired":true,"valueName":"search_term_string"}}],"inLanguage":"fr-FR"}]}},"_links":{"self":[{"href":"https:\/\/www.thevintagelisbon.com\/fr\/wp-json\/wp\/v2\/pages\/1900","targetHints":{"allow":["GET"]}}],"collection":[{"href":"https:\/\/www.thevintagelisbon.com\/fr\/wp-json\/wp\/v2\/pages"}],"about":[{"href":"https:\/\/www.thevintagelisbon.com\/fr\/wp-json\/wp\/v2\/types\/page"}],"author":[{"embeddable":true,"href":"https:\/\/www.thevintagelisbon.com\/fr\/wp-json\/wp\/v2\/users\/1"}],"replies":[{"embeddable":true,"href":"https:\/\/www.thevintagelisbon.com\/fr\/wp-json\/wp\/v2\/comments?post=1900"}],"version-history":[{"count":0,"href":"https:\/\/www.thevintagelisbon.com\/fr\/wp-json\/wp\/v2\/pages\/1900\/revisions"}],"wp:attachment":[{"href":"https:\/\/www.thevintagelisbon.com\/fr\/wp-json\/wp\/v2\/media?parent=1900"}],"curies":[{"name":"wp","href":"https:\/\/api.w.org\/{rel}","templated":true}]}}