{"id":1933,"date":"2019-09-23T12:08:56","date_gmt":"2019-09-23T11:08:56","guid":{"rendered":"https:\/\/www.thevintagelisbon.com\/press\/"},"modified":"2024-05-13T15:22:25","modified_gmt":"2024-05-13T14:22:25","slug":"presse","status":"publish","type":"page","link":"https:\/\/www.thevintagelisbon.com\/fr\/presse\/","title":{"rendered":"Presse"},"content":{"rendered":"","protected":false},"excerpt":{"rendered":"","protected":false},"author":1,"featured_media":0,"parent":0,"menu_order":0,"comment_status":"closed","ping_status":"closed","template":"templates\/press-template.php","meta":{"_acf_changed":false,"footnotes":""},"class_list":["post-1933","page","type-page","status-publish","hentry"],"acf":[],"yoast_head":"<!-- This site is optimized with the Yoast SEO plugin v27.3 - https:\/\/yoast.com\/product\/yoast-seo-wordpress\/ -->\n<title>Presse - The Vintage H\u00f4tel &amp; Spa - Lisbonne, Portugal<\/title>\n<meta name=\"description\" content=\"Consultez les derniers articles sur ce que la presse dit de l&#039;h\u00f4tel The Vintage \u00e0 Lisbonne, y compris Time Out, Forbes et bien d&#039;autres.\" \/>\n<meta name=\"robots\" content=\"index, follow, max-snippet:-1, max-image-preview:large, max-video-preview:-1\" \/>\n<link rel=\"canonical\" href=\"https:\/\/www.thevintagelisbon.com\/fr\/presse\/\" \/>\n<meta property=\"og:locale\" content=\"fr_FR\" \/>\n<meta property=\"og:type\" content=\"article\" \/>\n<meta property=\"og:title\" content=\"Presse - The Vintage H\u00f4tel &amp; Spa - Lisbonne, Portugal\" \/>\n<meta property=\"og:description\" content=\"Consultez les derniers articles sur ce que la presse dit de l&#039;h\u00f4tel The Vintage \u00e0 Lisbonne, y compris Time Out, Forbes et bien d&#039;autres.\" \/>\n<meta property=\"og:url\" content=\"https:\/\/www.thevintagelisbon.com\/fr\/presse\/\" \/>\n<meta property=\"og:site_name\" content=\"The Vintage Lisbon\" \/>\n<meta property=\"article:modified_time\" content=\"2024-05-13T14:22:25+00:00\" \/>\n<meta property=\"og:image\" content=\"https:\/\/www.thevintagelisbon.com\/wp-content\/uploads\/2019\/10\/logo.png\" \/>\n\t<meta property=\"og:image:width\" content=\"526\" \/>\n\t<meta property=\"og:image:height\" content=\"124\" \/>\n\t<meta property=\"og:image:type\" content=\"image\/png\" \/>\n<meta name=\"twitter:card\" content=\"summary_large_image\" \/>\n<script type=\"application\/ld+json\" class=\"yoast-schema-graph\">{\"@context\":\"https:\\\/\\\/schema.org\",\"@graph\":[{\"@type\":\"WebPage\",\"@id\":\"https:\\\/\\\/www.thevintagelisbon.com\\\/fr\\\/presse\\\/\",\"url\":\"https:\\\/\\\/www.thevintagelisbon.com\\\/fr\\\/presse\\\/\",\"name\":\"Presse - The Vintage H\u00f4tel & Spa - Lisbonne, Portugal\",\"isPartOf\":{\"@id\":\"https:\\\/\\\/www.thevintagelisbon.com\\\/fr\\\/#website\"},\"datePublished\":\"2019-09-23T11:08:56+00:00\",\"dateModified\":\"2024-05-13T14:22:25+00:00\",\"description\":\"Consultez les derniers articles sur ce que la presse dit de l'h\u00f4tel The Vintage \u00e0 Lisbonne, y compris Time Out, Forbes et bien d'autres.\",\"breadcrumb\":{\"@id\":\"https:\\\/\\\/www.thevintagelisbon.com\\\/fr\\\/presse\\\/#breadcrumb\"},\"inLanguage\":\"fr-FR\",\"potentialAction\":[{\"@type\":\"ReadAction\",\"target\":[\"https:\\\/\\\/www.thevintagelisbon.com\\\/fr\\\/presse\\\/\"]}]},{\"@type\":\"BreadcrumbList\",\"@id\":\"https:\\\/\\\/www.thevintagelisbon.com\\\/fr\\\/presse\\\/#breadcrumb\",\"itemListElement\":[{\"@type\":\"ListItem\",\"position\":1,\"name\":\"Home\",\"item\":\"https:\\\/\\\/www.thevintagelisbon.com\\\/fr\\\/\"},{\"@type\":\"ListItem\",\"position\":2,\"name\":\"Presse\"}]},{\"@type\":\"WebSite\",\"@id\":\"https:\\\/\\\/www.thevintagelisbon.com\\\/fr\\\/#website\",\"url\":\"https:\\\/\\\/www.thevintagelisbon.com\\\/fr\\\/\",\"name\":\"The Vintage Lisbon\",\"description\":\"The Vintage Lisbon Hotel and Spa\",\"potentialAction\":[{\"@type\":\"SearchAction\",\"target\":{\"@type\":\"EntryPoint\",\"urlTemplate\":\"https:\\\/\\\/www.thevintagelisbon.com\\\/fr\\\/?s={search_term_string}\"},\"query-input\":{\"@type\":\"PropertyValueSpecification\",\"valueRequired\":true,\"valueName\":\"search_term_string\"}}],\"inLanguage\":\"fr-FR\"}]}<\/script>\n<!-- \/ Yoast SEO plugin. -->","yoast_head_json":{"title":"Presse - The Vintage H\u00f4tel & Spa - Lisbonne, Portugal","description":"Consultez les derniers articles sur ce que la presse dit de l'h\u00f4tel The Vintage \u00e0 Lisbonne, y compris Time Out, Forbes et bien d'autres.","robots":{"index":"index","follow":"follow","max-snippet":"max-snippet:-1","max-image-preview":"max-image-preview:large","max-video-preview":"max-video-preview:-1"},"canonical":"https:\/\/www.thevintagelisbon.com\/fr\/presse\/","og_locale":"fr_FR","og_type":"article","og_title":"Presse - The Vintage H\u00f4tel & Spa - Lisbonne, Portugal","og_description":"Consultez les derniers articles sur ce que la presse dit de l'h\u00f4tel The Vintage \u00e0 Lisbonne, y compris Time Out, Forbes et bien d'autres.","og_url":"https:\/\/www.thevintagelisbon.com\/fr\/presse\/","og_site_name":"The Vintage Lisbon","article_modified_time":"2024-05-13T14:22:25+00:00","og_image":[{"width":526,"height":124,"url":"https:\/\/www.thevintagelisbon.com\/wp-content\/uploads\/2019\/10\/logo.png","type":"image\/png"}],"twitter_card":"summary_large_image","schema":{"@context":"https:\/\/schema.org","@graph":[{"@type":"WebPage","@id":"https:\/\/www.thevintagelisbon.com\/fr\/presse\/","url":"https:\/\/www.thevintagelisbon.com\/fr\/presse\/","name":"Presse - The Vintage H\u00f4tel & Spa - Lisbonne, Portugal","isPartOf":{"@id":"https:\/\/www.thevintagelisbon.com\/fr\/#website"},"datePublished":"2019-09-23T11:08:56+00:00","dateModified":"2024-05-13T14:22:25+00:00","description":"Consultez les derniers articles sur ce que la presse dit de l'h\u00f4tel The Vintage \u00e0 Lisbonne, y compris Time Out, Forbes et bien d'autres.","breadcrumb":{"@id":"https:\/\/www.thevintagelisbon.com\/fr\/presse\/#breadcrumb"},"inLanguage":"fr-FR","potentialAction":[{"@type":"ReadAction","target":["https:\/\/www.thevintagelisbon.com\/fr\/presse\/"]}]},{"@type":"BreadcrumbList","@id":"https:\/\/www.thevintagelisbon.com\/fr\/presse\/#breadcrumb","itemListElement":[{"@type":"ListItem","position":1,"name":"Home","item":"https:\/\/www.thevintagelisbon.com\/fr\/"},{"@type":"ListItem","position":2,"name":"Presse"}]},{"@type":"WebSite","@id":"https:\/\/www.thevintagelisbon.com\/fr\/#website","url":"https:\/\/www.thevintagelisbon.com\/fr\/","name":"The Vintage Lisbon","description":"The Vintage Lisbon Hotel and Spa","potentialAction":[{"@type":"SearchAction","target":{"@type":"EntryPoint","urlTemplate":"https:\/\/www.thevintagelisbon.com\/fr\/?s={search_term_string}"},"query-input":{"@type":"PropertyValueSpecification","valueRequired":true,"valueName":"search_term_string"}}],"inLanguage":"fr-FR"}]}},"_links":{"self":[{"href":"https:\/\/www.thevintagelisbon.com\/fr\/wp-json\/wp\/v2\/pages\/1933","targetHints":{"allow":["GET"]}}],"collection":[{"href":"https:\/\/www.thevintagelisbon.com\/fr\/wp-json\/wp\/v2\/pages"}],"about":[{"href":"https:\/\/www.thevintagelisbon.com\/fr\/wp-json\/wp\/v2\/types\/page"}],"author":[{"embeddable":true,"href":"https:\/\/www.thevintagelisbon.com\/fr\/wp-json\/wp\/v2\/users\/1"}],"replies":[{"embeddable":true,"href":"https:\/\/www.thevintagelisbon.com\/fr\/wp-json\/wp\/v2\/comments?post=1933"}],"version-history":[{"count":0,"href":"https:\/\/www.thevintagelisbon.com\/fr\/wp-json\/wp\/v2\/pages\/1933\/revisions"}],"wp:attachment":[{"href":"https:\/\/www.thevintagelisbon.com\/fr\/wp-json\/wp\/v2\/media?parent=1933"}],"curies":[{"name":"wp","href":"https:\/\/api.w.org\/{rel}","templated":true}]}}