{"id":1945,"date":"2019-08-30T11:13:02","date_gmt":"2019-08-30T10:13:02","guid":{"rendered":"https:\/\/www.thevintagelisbon.com\/spa-and-gym\/"},"modified":"2026-02-02T17:16:17","modified_gmt":"2026-02-02T17:16:17","slug":"spa-et-gym","status":"publish","type":"page","link":"https:\/\/www.thevintagelisbon.com\/fr\/spa-et-gym\/","title":{"rendered":"Spa et Gym"},"content":{"rendered":"<h2>LE SPA<\/h2>\n<p>Le Vintage Spa 5 \u00e9toiles est un sanctuaire d\u2019immersion, o\u00f9 le corps et l\u2019\u00e2me peuvent se reconnecter. Des velours luxueux, des murs rouge-brique profond et des \u00e9l\u00e9ments en laiton massif cr\u00e9ent un espace sensoriel et chaleureux. Le salon aquatique favorise la r\u00e9flexion paisible, car une tisane bio est servie dans des pi\u00e8ces en c\u00e9ramique personnalis\u00e9es, con\u00e7ues par l&rsquo;artiste C\u00e9cile Mestelan. Un temps pour se d\u00e9tendre.<\/p>\n","protected":false},"excerpt":{"rendered":"<p>LE SPA Le Vintage Spa 5 \u00e9toiles est un sanctuaire d\u2019immersion, o\u00f9 le corps et l\u2019\u00e2me peuvent se reconnecter. Des [&hellip;]<\/p>\n","protected":false},"author":1,"featured_media":0,"parent":0,"menu_order":0,"comment_status":"closed","ping_status":"closed","template":"templates\/spa-gym-template.php","meta":{"_acf_changed":false,"footnotes":""},"class_list":["post-1945","page","type-page","status-publish","hentry"],"acf":[],"yoast_head":"<!-- This site is optimized with the Yoast SEO plugin v27.5 - https:\/\/yoast.com\/product\/yoast-seo-wordpress\/ -->\n<title>Meilleur spa de Lisbonne - The Vintage - Lisbonne, Portugal<\/title>\n<meta name=\"description\" content=\"Le Vintage Spa 5*, situ\u00e9 \u00e0 c\u00f4t\u00e9 de l&#039;Avenida da Liberdade, propose des soins de luxe et une salle de sport.\" \/>\n<meta name=\"robots\" content=\"index, follow, max-snippet:-1, max-image-preview:large, max-video-preview:-1\" \/>\n<link rel=\"canonical\" href=\"https:\/\/www.thevintagelisbon.com\/fr\/spa-et-gym\/\" \/>\n<meta property=\"og:locale\" content=\"fr_FR\" \/>\n<meta property=\"og:type\" content=\"article\" \/>\n<meta property=\"og:title\" content=\"Meilleur spa de Lisbonne - The Vintage - Lisbonne, Portugal\" \/>\n<meta property=\"og:description\" content=\"Le Vintage Spa 5*, situ\u00e9 \u00e0 c\u00f4t\u00e9 de l&#039;Avenida da Liberdade, propose des soins de luxe et une salle de sport.\" \/>\n<meta property=\"og:url\" content=\"https:\/\/www.thevintagelisbon.com\/fr\/spa-et-gym\/\" \/>\n<meta property=\"og:site_name\" content=\"The Vintage Lisbon\" \/>\n<meta property=\"article:modified_time\" content=\"2026-02-02T17:16:17+00:00\" \/>\n<meta property=\"og:image\" content=\"https:\/\/www.thevintagelisbon.com\/wp-content\/uploads\/2019\/10\/logo.png\" \/>\n\t<meta property=\"og:image:width\" content=\"526\" \/>\n\t<meta property=\"og:image:height\" content=\"124\" \/>\n\t<meta property=\"og:image:type\" content=\"image\/png\" \/>\n<meta name=\"twitter:card\" content=\"summary_large_image\" \/>\n<meta name=\"twitter:label1\" content=\"Dur\u00e9e de lecture estim\u00e9e\" \/>\n\t<meta name=\"twitter:data1\" content=\"1 minute\" \/>\n<script type=\"application\/ld+json\" class=\"yoast-schema-graph\">{\"@context\":\"https:\\\/\\\/schema.org\",\"@graph\":[{\"@type\":\"WebPage\",\"@id\":\"https:\\\/\\\/www.thevintagelisbon.com\\\/fr\\\/spa-et-gym\\\/\",\"url\":\"https:\\\/\\\/www.thevintagelisbon.com\\\/fr\\\/spa-et-gym\\\/\",\"name\":\"Meilleur spa de Lisbonne - The Vintage - Lisbonne, Portugal\",\"isPartOf\":{\"@id\":\"https:\\\/\\\/www.thevintagelisbon.com\\\/fr\\\/#website\"},\"datePublished\":\"2019-08-30T10:13:02+00:00\",\"dateModified\":\"2026-02-02T17:16:17+00:00\",\"description\":\"Le Vintage Spa 5*, situ\u00e9 \u00e0 c\u00f4t\u00e9 de l'Avenida da Liberdade, propose des soins de luxe et une salle de sport.\",\"breadcrumb\":{\"@id\":\"https:\\\/\\\/www.thevintagelisbon.com\\\/fr\\\/spa-et-gym\\\/#breadcrumb\"},\"inLanguage\":\"fr-FR\",\"potentialAction\":[{\"@type\":\"ReadAction\",\"target\":[\"https:\\\/\\\/www.thevintagelisbon.com\\\/fr\\\/spa-et-gym\\\/\"]}]},{\"@type\":\"BreadcrumbList\",\"@id\":\"https:\\\/\\\/www.thevintagelisbon.com\\\/fr\\\/spa-et-gym\\\/#breadcrumb\",\"itemListElement\":[{\"@type\":\"ListItem\",\"position\":1,\"name\":\"Home\",\"item\":\"https:\\\/\\\/www.thevintagelisbon.com\\\/fr\\\/\"},{\"@type\":\"ListItem\",\"position\":2,\"name\":\"Spa et Gym\"}]},{\"@type\":\"WebSite\",\"@id\":\"https:\\\/\\\/www.thevintagelisbon.com\\\/fr\\\/#website\",\"url\":\"https:\\\/\\\/www.thevintagelisbon.com\\\/fr\\\/\",\"name\":\"The Vintage Lisbon\",\"description\":\"The Vintage Lisbon Hotel and Spa\",\"potentialAction\":[{\"@type\":\"SearchAction\",\"target\":{\"@type\":\"EntryPoint\",\"urlTemplate\":\"https:\\\/\\\/www.thevintagelisbon.com\\\/fr\\\/?s={search_term_string}\"},\"query-input\":{\"@type\":\"PropertyValueSpecification\",\"valueRequired\":true,\"valueName\":\"search_term_string\"}}],\"inLanguage\":\"fr-FR\"}]}<\/script>\n<!-- \/ Yoast SEO plugin. -->","yoast_head_json":{"title":"Meilleur spa de Lisbonne - The Vintage - Lisbonne, Portugal","description":"Le Vintage Spa 5*, situ\u00e9 \u00e0 c\u00f4t\u00e9 de l'Avenida da Liberdade, propose des soins de luxe et une salle de sport.","robots":{"index":"index","follow":"follow","max-snippet":"max-snippet:-1","max-image-preview":"max-image-preview:large","max-video-preview":"max-video-preview:-1"},"canonical":"https:\/\/www.thevintagelisbon.com\/fr\/spa-et-gym\/","og_locale":"fr_FR","og_type":"article","og_title":"Meilleur spa de Lisbonne - The Vintage - Lisbonne, Portugal","og_description":"Le Vintage Spa 5*, situ\u00e9 \u00e0 c\u00f4t\u00e9 de l'Avenida da Liberdade, propose des soins de luxe et une salle de sport.","og_url":"https:\/\/www.thevintagelisbon.com\/fr\/spa-et-gym\/","og_site_name":"The Vintage Lisbon","article_modified_time":"2026-02-02T17:16:17+00:00","og_image":[{"width":526,"height":124,"url":"https:\/\/www.thevintagelisbon.com\/wp-content\/uploads\/2019\/10\/logo.png","type":"image\/png"}],"twitter_card":"summary_large_image","twitter_misc":{"Dur\u00e9e de lecture estim\u00e9e":"1 minute"},"schema":{"@context":"https:\/\/schema.org","@graph":[{"@type":"WebPage","@id":"https:\/\/www.thevintagelisbon.com\/fr\/spa-et-gym\/","url":"https:\/\/www.thevintagelisbon.com\/fr\/spa-et-gym\/","name":"Meilleur spa de Lisbonne - The Vintage - Lisbonne, Portugal","isPartOf":{"@id":"https:\/\/www.thevintagelisbon.com\/fr\/#website"},"datePublished":"2019-08-30T10:13:02+00:00","dateModified":"2026-02-02T17:16:17+00:00","description":"Le Vintage Spa 5*, situ\u00e9 \u00e0 c\u00f4t\u00e9 de l'Avenida da Liberdade, propose des soins de luxe et une salle de sport.","breadcrumb":{"@id":"https:\/\/www.thevintagelisbon.com\/fr\/spa-et-gym\/#breadcrumb"},"inLanguage":"fr-FR","potentialAction":[{"@type":"ReadAction","target":["https:\/\/www.thevintagelisbon.com\/fr\/spa-et-gym\/"]}]},{"@type":"BreadcrumbList","@id":"https:\/\/www.thevintagelisbon.com\/fr\/spa-et-gym\/#breadcrumb","itemListElement":[{"@type":"ListItem","position":1,"name":"Home","item":"https:\/\/www.thevintagelisbon.com\/fr\/"},{"@type":"ListItem","position":2,"name":"Spa et Gym"}]},{"@type":"WebSite","@id":"https:\/\/www.thevintagelisbon.com\/fr\/#website","url":"https:\/\/www.thevintagelisbon.com\/fr\/","name":"The Vintage Lisbon","description":"The Vintage Lisbon Hotel and Spa","potentialAction":[{"@type":"SearchAction","target":{"@type":"EntryPoint","urlTemplate":"https:\/\/www.thevintagelisbon.com\/fr\/?s={search_term_string}"},"query-input":{"@type":"PropertyValueSpecification","valueRequired":true,"valueName":"search_term_string"}}],"inLanguage":"fr-FR"}]}},"_links":{"self":[{"href":"https:\/\/www.thevintagelisbon.com\/fr\/wp-json\/wp\/v2\/pages\/1945","targetHints":{"allow":["GET"]}}],"collection":[{"href":"https:\/\/www.thevintagelisbon.com\/fr\/wp-json\/wp\/v2\/pages"}],"about":[{"href":"https:\/\/www.thevintagelisbon.com\/fr\/wp-json\/wp\/v2\/types\/page"}],"author":[{"embeddable":true,"href":"https:\/\/www.thevintagelisbon.com\/fr\/wp-json\/wp\/v2\/users\/1"}],"replies":[{"embeddable":true,"href":"https:\/\/www.thevintagelisbon.com\/fr\/wp-json\/wp\/v2\/comments?post=1945"}],"version-history":[{"count":0,"href":"https:\/\/www.thevintagelisbon.com\/fr\/wp-json\/wp\/v2\/pages\/1945\/revisions"}],"wp:attachment":[{"href":"https:\/\/www.thevintagelisbon.com\/fr\/wp-json\/wp\/v2\/media?parent=1945"}],"curies":[{"name":"wp","href":"https:\/\/api.w.org\/{rel}","templated":true}]}}