{"id":9415,"date":"2024-08-07T14:58:16","date_gmt":"2024-08-07T13:58:16","guid":{"rendered":"https:\/\/www.thevintagelisbon.com\/?page_id=9415"},"modified":"2024-09-11T10:55:23","modified_gmt":"2024-09-11T09:55:23","slug":"durabilite","status":"publish","type":"page","link":"https:\/\/www.thevintagelisbon.com\/fr\/durabilite\/","title":{"rendered":"Durabilit\u00e9"},"content":{"rendered":"<p style=\"text-align: center;\">La Terre a \u00e9t\u00e9 un h\u00f4te accueillant pour nous, les humains. Il est temps que nous lui t\u00e9moignions le m\u00eame respect.<\/p>\n<p>&nbsp;<\/p>\n<p style=\"text-align: center;\">Notre monde n&rsquo;a pas besoin de plus de b\u00e2timents, il a besoin de soins pour ceux qui sont d\u00e9j\u00e0 un t\u00e9moignage du pass\u00e9&#8230; et c&rsquo;est ce que nous faisons.<\/p>\n<p>&nbsp;<\/p>\n<p style=\"text-align: center;\">Non seulement nous investissons consciemment dans des b\u00e2timents patrimoniaux, mais nous les r\u00e9am\u00e9nageons et les r\u00e9novons de mani\u00e8re \u00e0 minimiser notre impact environnemental et social. Pour nos h\u00f4tes. Pour notre ville. Pour le monde.<\/p>\n<p>&nbsp;<\/p>\n<p style=\"text-align: center;\">Toute la famille Bomporto s&rsquo;engage en faveur de la durabilit\u00e9. Et ce ne sont pas des paroles en l&rsquo;air. Cela fait partie de notre culture.<\/p>\n<p>&nbsp;<\/p>\n<p style=\"text-align: center;\">Cliquez <strong><a href=\"https:\/\/www.thevintagelisbon.com\/wp-content\/uploads\/2024\/09\/Sustainability-Factsheets_Vintage_set_24_FR.pdf\" target=\"_blank\" rel=\"noopener\">ici<\/a> <\/strong>pour consulter la fiche d&rsquo;information concernant la Durabitit\u00e9 au The Vintage.<\/p>\n<p style=\"text-align: center;\">Cliquez <strong><a href=\"https:\/\/www.thevintagelisbon.com\/wp-content\/uploads\/2024\/08\/Bomportos-Planet-Pledge_EN.pdf\" target=\"_blank\" rel=\"noopener\">ici<\/a><\/strong> pour voir en d\u00e9tail l&rsquo;engagement de Bomporto en faveur de la plan\u00e8te.<\/p>\n","protected":false},"excerpt":{"rendered":"<p>La Terre a \u00e9t\u00e9 un h\u00f4te accueillant pour nous, les humains. Il est temps que nous lui t\u00e9moignions le m\u00eame [&hellip;]<\/p>\n","protected":false},"author":1,"featured_media":0,"parent":0,"menu_order":0,"comment_status":"closed","ping_status":"closed","template":"templates\/sustainability-template.php","meta":{"_acf_changed":false,"footnotes":""},"class_list":["post-9415","page","type-page","status-publish","hentry"],"acf":[],"yoast_head":"<!-- This site is optimized with the Yoast SEO plugin v27.5 - https:\/\/yoast.com\/product\/yoast-seo-wordpress\/ -->\n<title>Durabilit\u00e9 - The Vintage Lisbon<\/title>\n<meta name=\"description\" content=\"Le Vintage Hotel s&#039;engage en faveur de la durabilit\u00e9, cela fait partie de notre culture. En savoir plus sur nos actions.\" \/>\n<meta name=\"robots\" content=\"index, follow, max-snippet:-1, max-image-preview:large, max-video-preview:-1\" \/>\n<link rel=\"canonical\" href=\"https:\/\/www.thevintagelisbon.com\/fr\/durabilite\/\" \/>\n<meta property=\"og:locale\" content=\"fr_FR\" \/>\n<meta property=\"og:type\" content=\"article\" \/>\n<meta property=\"og:title\" content=\"Durabilit\u00e9 - The Vintage Lisbon\" \/>\n<meta property=\"og:description\" content=\"Le Vintage Hotel s&#039;engage en faveur de la durabilit\u00e9, cela fait partie de notre culture. En savoir plus sur nos actions.\" \/>\n<meta property=\"og:url\" content=\"https:\/\/www.thevintagelisbon.com\/fr\/durabilite\/\" \/>\n<meta property=\"og:site_name\" content=\"The Vintage Lisbon\" \/>\n<meta property=\"article:modified_time\" content=\"2024-09-11T09:55:23+00:00\" \/>\n<meta property=\"og:image\" content=\"https:\/\/www.thevintagelisbon.com\/wp-content\/uploads\/2019\/10\/logo.png\" \/>\n\t<meta property=\"og:image:width\" content=\"526\" \/>\n\t<meta property=\"og:image:height\" content=\"124\" \/>\n\t<meta property=\"og:image:type\" content=\"image\/png\" \/>\n<meta name=\"twitter:card\" content=\"summary_large_image\" \/>\n<meta name=\"twitter:label1\" content=\"Dur\u00e9e de lecture estim\u00e9e\" \/>\n\t<meta name=\"twitter:data1\" content=\"1 minute\" \/>\n<script type=\"application\/ld+json\" class=\"yoast-schema-graph\">{\"@context\":\"https:\\\/\\\/schema.org\",\"@graph\":[{\"@type\":\"WebPage\",\"@id\":\"https:\\\/\\\/www.thevintagelisbon.com\\\/fr\\\/durabilite\\\/\",\"url\":\"https:\\\/\\\/www.thevintagelisbon.com\\\/fr\\\/durabilite\\\/\",\"name\":\"Durabilit\u00e9 - The Vintage Lisbon\",\"isPartOf\":{\"@id\":\"https:\\\/\\\/www.thevintagelisbon.com\\\/fr\\\/#website\"},\"datePublished\":\"2024-08-07T13:58:16+00:00\",\"dateModified\":\"2024-09-11T09:55:23+00:00\",\"description\":\"Le Vintage Hotel s'engage en faveur de la durabilit\u00e9, cela fait partie de notre culture. En savoir plus sur nos actions.\",\"breadcrumb\":{\"@id\":\"https:\\\/\\\/www.thevintagelisbon.com\\\/fr\\\/durabilite\\\/#breadcrumb\"},\"inLanguage\":\"fr-FR\",\"potentialAction\":[{\"@type\":\"ReadAction\",\"target\":[\"https:\\\/\\\/www.thevintagelisbon.com\\\/fr\\\/durabilite\\\/\"]}]},{\"@type\":\"BreadcrumbList\",\"@id\":\"https:\\\/\\\/www.thevintagelisbon.com\\\/fr\\\/durabilite\\\/#breadcrumb\",\"itemListElement\":[{\"@type\":\"ListItem\",\"position\":1,\"name\":\"Home\",\"item\":\"https:\\\/\\\/www.thevintagelisbon.com\\\/fr\\\/\"},{\"@type\":\"ListItem\",\"position\":2,\"name\":\"Durabilit\u00e9\"}]},{\"@type\":\"WebSite\",\"@id\":\"https:\\\/\\\/www.thevintagelisbon.com\\\/fr\\\/#website\",\"url\":\"https:\\\/\\\/www.thevintagelisbon.com\\\/fr\\\/\",\"name\":\"The Vintage Lisbon\",\"description\":\"The Vintage Lisbon Hotel and Spa\",\"potentialAction\":[{\"@type\":\"SearchAction\",\"target\":{\"@type\":\"EntryPoint\",\"urlTemplate\":\"https:\\\/\\\/www.thevintagelisbon.com\\\/fr\\\/?s={search_term_string}\"},\"query-input\":{\"@type\":\"PropertyValueSpecification\",\"valueRequired\":true,\"valueName\":\"search_term_string\"}}],\"inLanguage\":\"fr-FR\"}]}<\/script>\n<!-- \/ Yoast SEO plugin. -->","yoast_head_json":{"title":"Durabilit\u00e9 - The Vintage Lisbon","description":"Le Vintage Hotel s'engage en faveur de la durabilit\u00e9, cela fait partie de notre culture. En savoir plus sur nos actions.","robots":{"index":"index","follow":"follow","max-snippet":"max-snippet:-1","max-image-preview":"max-image-preview:large","max-video-preview":"max-video-preview:-1"},"canonical":"https:\/\/www.thevintagelisbon.com\/fr\/durabilite\/","og_locale":"fr_FR","og_type":"article","og_title":"Durabilit\u00e9 - The Vintage Lisbon","og_description":"Le Vintage Hotel s'engage en faveur de la durabilit\u00e9, cela fait partie de notre culture. En savoir plus sur nos actions.","og_url":"https:\/\/www.thevintagelisbon.com\/fr\/durabilite\/","og_site_name":"The Vintage Lisbon","article_modified_time":"2024-09-11T09:55:23+00:00","og_image":[{"width":526,"height":124,"url":"https:\/\/www.thevintagelisbon.com\/wp-content\/uploads\/2019\/10\/logo.png","type":"image\/png"}],"twitter_card":"summary_large_image","twitter_misc":{"Dur\u00e9e de lecture estim\u00e9e":"1 minute"},"schema":{"@context":"https:\/\/schema.org","@graph":[{"@type":"WebPage","@id":"https:\/\/www.thevintagelisbon.com\/fr\/durabilite\/","url":"https:\/\/www.thevintagelisbon.com\/fr\/durabilite\/","name":"Durabilit\u00e9 - The Vintage Lisbon","isPartOf":{"@id":"https:\/\/www.thevintagelisbon.com\/fr\/#website"},"datePublished":"2024-08-07T13:58:16+00:00","dateModified":"2024-09-11T09:55:23+00:00","description":"Le Vintage Hotel s'engage en faveur de la durabilit\u00e9, cela fait partie de notre culture. En savoir plus sur nos actions.","breadcrumb":{"@id":"https:\/\/www.thevintagelisbon.com\/fr\/durabilite\/#breadcrumb"},"inLanguage":"fr-FR","potentialAction":[{"@type":"ReadAction","target":["https:\/\/www.thevintagelisbon.com\/fr\/durabilite\/"]}]},{"@type":"BreadcrumbList","@id":"https:\/\/www.thevintagelisbon.com\/fr\/durabilite\/#breadcrumb","itemListElement":[{"@type":"ListItem","position":1,"name":"Home","item":"https:\/\/www.thevintagelisbon.com\/fr\/"},{"@type":"ListItem","position":2,"name":"Durabilit\u00e9"}]},{"@type":"WebSite","@id":"https:\/\/www.thevintagelisbon.com\/fr\/#website","url":"https:\/\/www.thevintagelisbon.com\/fr\/","name":"The Vintage Lisbon","description":"The Vintage Lisbon Hotel and Spa","potentialAction":[{"@type":"SearchAction","target":{"@type":"EntryPoint","urlTemplate":"https:\/\/www.thevintagelisbon.com\/fr\/?s={search_term_string}"},"query-input":{"@type":"PropertyValueSpecification","valueRequired":true,"valueName":"search_term_string"}}],"inLanguage":"fr-FR"}]}},"_links":{"self":[{"href":"https:\/\/www.thevintagelisbon.com\/fr\/wp-json\/wp\/v2\/pages\/9415","targetHints":{"allow":["GET"]}}],"collection":[{"href":"https:\/\/www.thevintagelisbon.com\/fr\/wp-json\/wp\/v2\/pages"}],"about":[{"href":"https:\/\/www.thevintagelisbon.com\/fr\/wp-json\/wp\/v2\/types\/page"}],"author":[{"embeddable":true,"href":"https:\/\/www.thevintagelisbon.com\/fr\/wp-json\/wp\/v2\/users\/1"}],"replies":[{"embeddable":true,"href":"https:\/\/www.thevintagelisbon.com\/fr\/wp-json\/wp\/v2\/comments?post=9415"}],"version-history":[{"count":0,"href":"https:\/\/www.thevintagelisbon.com\/fr\/wp-json\/wp\/v2\/pages\/9415\/revisions"}],"wp:attachment":[{"href":"https:\/\/www.thevintagelisbon.com\/fr\/wp-json\/wp\/v2\/media?parent=9415"}],"curies":[{"name":"wp","href":"https:\/\/api.w.org\/{rel}","templated":true}]}}