{"id":1883,"date":"2019-08-12T16:05:31","date_gmt":"2019-08-12T15:05:31","guid":{"rendered":"https:\/\/www.thevintagelisbon.com\/sample-page\/"},"modified":"2026-02-18T11:29:09","modified_gmt":"2026-02-18T11:29:09","slug":"sample-page","status":"publish","type":"page","link":"https:\/\/www.thevintagelisbon.com\/pt-pt\/","title":{"rendered":"P\u00e1gina Inicial"},"content":{"rendered":"","protected":false},"excerpt":{"rendered":"","protected":false},"author":1,"featured_media":0,"parent":0,"menu_order":0,"comment_status":"closed","ping_status":"open","template":"templates\/homepage-template.php","meta":{"_acf_changed":false,"footnotes":""},"class_list":["post-1883","page","type-page","status-publish","hentry"],"acf":[],"yoast_head":"<!-- This site is optimized with the Yoast SEO plugin v27.3 - https:\/\/yoast.com\/product\/yoast-seo-wordpress\/ -->\n<title>The Vintage - Hotel &amp; Spa 5* - Lisboa, Portugal<\/title>\n<meta name=\"description\" content=\"Hotel 5* pr\u00f3ximo da Av. da Liberdade, com pe\u00e7as de arte \u00fanicas em cada canto. Descubra o restaurante, o rooftop e os quartos do The Vintage.\" \/>\n<meta name=\"robots\" content=\"index, follow, max-snippet:-1, max-image-preview:large, max-video-preview:-1\" \/>\n<link rel=\"canonical\" href=\"https:\/\/www.thevintagelisbon.com\/pt-pt\/\" \/>\n<meta property=\"og:locale\" content=\"pt_PT\" \/>\n<meta property=\"og:type\" content=\"article\" \/>\n<meta property=\"og:title\" content=\"The Vintage - Hotel &amp; Spa 5* - Lisboa, Portugal\" \/>\n<meta property=\"og:description\" content=\"Hotel 5* pr\u00f3ximo da Av. da Liberdade, com pe\u00e7as de arte \u00fanicas em cada canto. Descubra o restaurante, o rooftop e os quartos do The Vintage.\" \/>\n<meta property=\"og:url\" content=\"https:\/\/www.thevintagelisbon.com\/pt-pt\/\" \/>\n<meta property=\"og:site_name\" content=\"The Vintage Lisbon\" \/>\n<meta property=\"article:modified_time\" content=\"2026-02-18T11:29:09+00:00\" \/>\n<meta property=\"og:image\" content=\"https:\/\/www.thevintagelisbon.com\/wp-content\/uploads\/2019\/10\/logo.png\" \/>\n\t<meta property=\"og:image:width\" content=\"526\" \/>\n\t<meta property=\"og:image:height\" content=\"124\" \/>\n\t<meta property=\"og:image:type\" content=\"image\/png\" \/>\n<meta name=\"twitter:card\" content=\"summary_large_image\" \/>\n<script type=\"application\/ld+json\" class=\"yoast-schema-graph\">{\"@context\":\"https:\\\/\\\/schema.org\",\"@graph\":[{\"@type\":\"WebPage\",\"@id\":\"https:\\\/\\\/www.thevintagelisbon.com\\\/pt-pt\\\/\",\"url\":\"https:\\\/\\\/www.thevintagelisbon.com\\\/pt-pt\\\/\",\"name\":\"The Vintage - Hotel & Spa 5* - Lisboa, Portugal\",\"isPartOf\":{\"@id\":\"https:\\\/\\\/www.thevintagelisbon.com\\\/pt-pt\\\/#website\"},\"datePublished\":\"2019-08-12T15:05:31+00:00\",\"dateModified\":\"2026-02-18T11:29:09+00:00\",\"description\":\"Hotel 5* pr\u00f3ximo da Av. da Liberdade, com pe\u00e7as de arte \u00fanicas em cada canto. Descubra o restaurante, o rooftop e os quartos do The Vintage.\",\"breadcrumb\":{\"@id\":\"https:\\\/\\\/www.thevintagelisbon.com\\\/pt-pt\\\/#breadcrumb\"},\"inLanguage\":\"pt-PT\",\"potentialAction\":[{\"@type\":\"ReadAction\",\"target\":[\"https:\\\/\\\/www.thevintagelisbon.com\\\/pt-pt\\\/\"]}]},{\"@type\":\"BreadcrumbList\",\"@id\":\"https:\\\/\\\/www.thevintagelisbon.com\\\/pt-pt\\\/#breadcrumb\",\"itemListElement\":[{\"@type\":\"ListItem\",\"position\":1,\"name\":\"Home\",\"item\":\"https:\\\/\\\/www.thevintagelisbon.com\\\/pt-pt\\\/\"},{\"@type\":\"ListItem\",\"position\":2,\"name\":\"P\u00e1gina Inicial\"}]},{\"@type\":\"WebSite\",\"@id\":\"https:\\\/\\\/www.thevintagelisbon.com\\\/pt-pt\\\/#website\",\"url\":\"https:\\\/\\\/www.thevintagelisbon.com\\\/pt-pt\\\/\",\"name\":\"The Vintage Lisbon\",\"description\":\"The Vintage Lisbon Hotel and Spa\",\"potentialAction\":[{\"@type\":\"SearchAction\",\"target\":{\"@type\":\"EntryPoint\",\"urlTemplate\":\"https:\\\/\\\/www.thevintagelisbon.com\\\/pt-pt\\\/?s={search_term_string}\"},\"query-input\":{\"@type\":\"PropertyValueSpecification\",\"valueRequired\":true,\"valueName\":\"search_term_string\"}}],\"inLanguage\":\"pt-PT\"}]}<\/script>\n<!-- \/ Yoast SEO plugin. -->","yoast_head_json":{"title":"The Vintage - Hotel & Spa 5* - Lisboa, Portugal","description":"Hotel 5* pr\u00f3ximo da Av. da Liberdade, com pe\u00e7as de arte \u00fanicas em cada canto. Descubra o restaurante, o rooftop e os quartos do The Vintage.","robots":{"index":"index","follow":"follow","max-snippet":"max-snippet:-1","max-image-preview":"max-image-preview:large","max-video-preview":"max-video-preview:-1"},"canonical":"https:\/\/www.thevintagelisbon.com\/pt-pt\/","og_locale":"pt_PT","og_type":"article","og_title":"The Vintage - Hotel & Spa 5* - Lisboa, Portugal","og_description":"Hotel 5* pr\u00f3ximo da Av. da Liberdade, com pe\u00e7as de arte \u00fanicas em cada canto. Descubra o restaurante, o rooftop e os quartos do The Vintage.","og_url":"https:\/\/www.thevintagelisbon.com\/pt-pt\/","og_site_name":"The Vintage Lisbon","article_modified_time":"2026-02-18T11:29:09+00:00","og_image":[{"width":526,"height":124,"url":"https:\/\/www.thevintagelisbon.com\/wp-content\/uploads\/2019\/10\/logo.png","type":"image\/png"}],"twitter_card":"summary_large_image","schema":{"@context":"https:\/\/schema.org","@graph":[{"@type":"WebPage","@id":"https:\/\/www.thevintagelisbon.com\/pt-pt\/","url":"https:\/\/www.thevintagelisbon.com\/pt-pt\/","name":"The Vintage - Hotel & Spa 5* - Lisboa, Portugal","isPartOf":{"@id":"https:\/\/www.thevintagelisbon.com\/pt-pt\/#website"},"datePublished":"2019-08-12T15:05:31+00:00","dateModified":"2026-02-18T11:29:09+00:00","description":"Hotel 5* pr\u00f3ximo da Av. da Liberdade, com pe\u00e7as de arte \u00fanicas em cada canto. Descubra o restaurante, o rooftop e os quartos do The Vintage.","breadcrumb":{"@id":"https:\/\/www.thevintagelisbon.com\/pt-pt\/#breadcrumb"},"inLanguage":"pt-PT","potentialAction":[{"@type":"ReadAction","target":["https:\/\/www.thevintagelisbon.com\/pt-pt\/"]}]},{"@type":"BreadcrumbList","@id":"https:\/\/www.thevintagelisbon.com\/pt-pt\/#breadcrumb","itemListElement":[{"@type":"ListItem","position":1,"name":"Home","item":"https:\/\/www.thevintagelisbon.com\/pt-pt\/"},{"@type":"ListItem","position":2,"name":"P\u00e1gina Inicial"}]},{"@type":"WebSite","@id":"https:\/\/www.thevintagelisbon.com\/pt-pt\/#website","url":"https:\/\/www.thevintagelisbon.com\/pt-pt\/","name":"The Vintage Lisbon","description":"The Vintage Lisbon Hotel and Spa","potentialAction":[{"@type":"SearchAction","target":{"@type":"EntryPoint","urlTemplate":"https:\/\/www.thevintagelisbon.com\/pt-pt\/?s={search_term_string}"},"query-input":{"@type":"PropertyValueSpecification","valueRequired":true,"valueName":"search_term_string"}}],"inLanguage":"pt-PT"}]}},"_links":{"self":[{"href":"https:\/\/www.thevintagelisbon.com\/pt-pt\/wp-json\/wp\/v2\/pages\/1883","targetHints":{"allow":["GET"]}}],"collection":[{"href":"https:\/\/www.thevintagelisbon.com\/pt-pt\/wp-json\/wp\/v2\/pages"}],"about":[{"href":"https:\/\/www.thevintagelisbon.com\/pt-pt\/wp-json\/wp\/v2\/types\/page"}],"author":[{"embeddable":true,"href":"https:\/\/www.thevintagelisbon.com\/pt-pt\/wp-json\/wp\/v2\/users\/1"}],"replies":[{"embeddable":true,"href":"https:\/\/www.thevintagelisbon.com\/pt-pt\/wp-json\/wp\/v2\/comments?post=1883"}],"version-history":[{"count":0,"href":"https:\/\/www.thevintagelisbon.com\/pt-pt\/wp-json\/wp\/v2\/pages\/1883\/revisions"}],"wp:attachment":[{"href":"https:\/\/www.thevintagelisbon.com\/pt-pt\/wp-json\/wp\/v2\/media?parent=1883"}],"curies":[{"name":"wp","href":"https:\/\/api.w.org\/{rel}","templated":true}]}}