{"id":2200,"date":"2019-10-04T10:10:45","date_gmt":"2019-10-04T09:10:45","guid":{"rendered":"https:\/\/www.thevintagelisbon.com\/bomporto-hotels\/"},"modified":"2025-09-24T14:40:15","modified_gmt":"2025-09-24T13:40:15","slug":"bomporto-hotels","status":"publish","type":"page","link":"https:\/\/www.thevintagelisbon.com\/pt-pt\/bomporto-hotels\/","title":{"rendered":"Bomporto Hotels"},"content":{"rendered":"<h2>About<\/h2>\n<p>Lorem ipsum dolor sit amet, consectetur adipiscing elit. Aenean euismod bibendum laoreet. Proin gravida dolor sit amet lacus accumsan et viverra justo commodo. Proin sodales pulvinar sic tempor.<\/p>\n","protected":false},"excerpt":{"rendered":"<p>About Lorem ipsum dolor sit amet, consectetur adipiscing elit. Aenean euismod bibendum laoreet. Proin gravida dolor sit amet lacus accumsan [&hellip;]<\/p>\n","protected":false},"author":1,"featured_media":0,"parent":0,"menu_order":0,"comment_status":"closed","ping_status":"closed","template":"templates\/our-story-template.php","meta":{"_acf_changed":false,"footnotes":""},"class_list":["post-2200","page","type-page","status-publish","hentry"],"acf":[],"yoast_head":"<!-- This site is optimized with the Yoast SEO plugin v27.4 - https:\/\/yoast.com\/product\/yoast-seo-wordpress\/ -->\n<title>Bomporto Hotels - The Vintage 5* Hotel &amp; Spa - Lisboa<\/title>\n<meta name=\"description\" content=\"Criamos boutique hot\u00e9is acolhedores no Porto e Lisboa, com um excelente servi\u00e7o personalizado, mas sem presun\u00e7\u00f5es.\" \/>\n<meta name=\"robots\" content=\"index, follow, max-snippet:-1, max-image-preview:large, max-video-preview:-1\" \/>\n<link rel=\"canonical\" href=\"https:\/\/www.thevintagelisbon.com\/pt-pt\/bomporto-hotels\/\" \/>\n<meta property=\"og:locale\" content=\"pt_PT\" \/>\n<meta property=\"og:type\" content=\"article\" \/>\n<meta property=\"og:title\" content=\"Bomporto Hotels - The Vintage 5* Hotel &amp; Spa - Lisboa\" \/>\n<meta property=\"og:description\" content=\"Criamos boutique hot\u00e9is acolhedores no Porto e Lisboa, com um excelente servi\u00e7o personalizado, mas sem presun\u00e7\u00f5es.\" \/>\n<meta property=\"og:url\" content=\"https:\/\/www.thevintagelisbon.com\/pt-pt\/bomporto-hotels\/\" \/>\n<meta property=\"og:site_name\" content=\"The Vintage Lisbon\" \/>\n<meta property=\"article:modified_time\" content=\"2025-09-24T13:40:15+00:00\" \/>\n<meta property=\"og:image\" content=\"https:\/\/www.thevintagelisbon.com\/wp-content\/uploads\/2019\/10\/logo.png\" \/>\n\t<meta property=\"og:image:width\" content=\"526\" \/>\n\t<meta property=\"og:image:height\" content=\"124\" \/>\n\t<meta property=\"og:image:type\" content=\"image\/png\" \/>\n<meta name=\"twitter:card\" content=\"summary_large_image\" \/>\n<meta name=\"twitter:label1\" content=\"Tempo estimado de leitura\" \/>\n\t<meta name=\"twitter:data1\" content=\"1 minuto\" \/>\n<script type=\"application\/ld+json\" class=\"yoast-schema-graph\">{\"@context\":\"https:\\\/\\\/schema.org\",\"@graph\":[{\"@type\":\"WebPage\",\"@id\":\"https:\\\/\\\/www.thevintagelisbon.com\\\/pt-pt\\\/bomporto-hotels\\\/\",\"url\":\"https:\\\/\\\/www.thevintagelisbon.com\\\/pt-pt\\\/bomporto-hotels\\\/\",\"name\":\"Bomporto Hotels - The Vintage 5* Hotel & Spa - Lisboa\",\"isPartOf\":{\"@id\":\"https:\\\/\\\/www.thevintagelisbon.com\\\/pt-pt\\\/#website\"},\"datePublished\":\"2019-10-04T09:10:45+00:00\",\"dateModified\":\"2025-09-24T13:40:15+00:00\",\"description\":\"Criamos boutique hot\u00e9is acolhedores no Porto e Lisboa, com um excelente servi\u00e7o personalizado, mas sem presun\u00e7\u00f5es.\",\"breadcrumb\":{\"@id\":\"https:\\\/\\\/www.thevintagelisbon.com\\\/pt-pt\\\/bomporto-hotels\\\/#breadcrumb\"},\"inLanguage\":\"pt-PT\",\"potentialAction\":[{\"@type\":\"ReadAction\",\"target\":[\"https:\\\/\\\/www.thevintagelisbon.com\\\/pt-pt\\\/bomporto-hotels\\\/\"]}]},{\"@type\":\"BreadcrumbList\",\"@id\":\"https:\\\/\\\/www.thevintagelisbon.com\\\/pt-pt\\\/bomporto-hotels\\\/#breadcrumb\",\"itemListElement\":[{\"@type\":\"ListItem\",\"position\":1,\"name\":\"Home\",\"item\":\"https:\\\/\\\/www.thevintagelisbon.com\\\/pt-pt\\\/\"},{\"@type\":\"ListItem\",\"position\":2,\"name\":\"Bomporto Hotels\"}]},{\"@type\":\"WebSite\",\"@id\":\"https:\\\/\\\/www.thevintagelisbon.com\\\/pt-pt\\\/#website\",\"url\":\"https:\\\/\\\/www.thevintagelisbon.com\\\/pt-pt\\\/\",\"name\":\"The Vintage Lisbon\",\"description\":\"The Vintage Lisbon Hotel and Spa\",\"potentialAction\":[{\"@type\":\"SearchAction\",\"target\":{\"@type\":\"EntryPoint\",\"urlTemplate\":\"https:\\\/\\\/www.thevintagelisbon.com\\\/pt-pt\\\/?s={search_term_string}\"},\"query-input\":{\"@type\":\"PropertyValueSpecification\",\"valueRequired\":true,\"valueName\":\"search_term_string\"}}],\"inLanguage\":\"pt-PT\"}]}<\/script>\n<!-- \/ Yoast SEO plugin. -->","yoast_head_json":{"title":"Bomporto Hotels - The Vintage 5* Hotel & Spa - Lisboa","description":"Criamos boutique hot\u00e9is acolhedores no Porto e Lisboa, com um excelente servi\u00e7o personalizado, mas sem presun\u00e7\u00f5es.","robots":{"index":"index","follow":"follow","max-snippet":"max-snippet:-1","max-image-preview":"max-image-preview:large","max-video-preview":"max-video-preview:-1"},"canonical":"https:\/\/www.thevintagelisbon.com\/pt-pt\/bomporto-hotels\/","og_locale":"pt_PT","og_type":"article","og_title":"Bomporto Hotels - The Vintage 5* Hotel & Spa - Lisboa","og_description":"Criamos boutique hot\u00e9is acolhedores no Porto e Lisboa, com um excelente servi\u00e7o personalizado, mas sem presun\u00e7\u00f5es.","og_url":"https:\/\/www.thevintagelisbon.com\/pt-pt\/bomporto-hotels\/","og_site_name":"The Vintage Lisbon","article_modified_time":"2025-09-24T13:40:15+00:00","og_image":[{"width":526,"height":124,"url":"https:\/\/www.thevintagelisbon.com\/wp-content\/uploads\/2019\/10\/logo.png","type":"image\/png"}],"twitter_card":"summary_large_image","twitter_misc":{"Tempo estimado de leitura":"1 minuto"},"schema":{"@context":"https:\/\/schema.org","@graph":[{"@type":"WebPage","@id":"https:\/\/www.thevintagelisbon.com\/pt-pt\/bomporto-hotels\/","url":"https:\/\/www.thevintagelisbon.com\/pt-pt\/bomporto-hotels\/","name":"Bomporto Hotels - The Vintage 5* Hotel & Spa - Lisboa","isPartOf":{"@id":"https:\/\/www.thevintagelisbon.com\/pt-pt\/#website"},"datePublished":"2019-10-04T09:10:45+00:00","dateModified":"2025-09-24T13:40:15+00:00","description":"Criamos boutique hot\u00e9is acolhedores no Porto e Lisboa, com um excelente servi\u00e7o personalizado, mas sem presun\u00e7\u00f5es.","breadcrumb":{"@id":"https:\/\/www.thevintagelisbon.com\/pt-pt\/bomporto-hotels\/#breadcrumb"},"inLanguage":"pt-PT","potentialAction":[{"@type":"ReadAction","target":["https:\/\/www.thevintagelisbon.com\/pt-pt\/bomporto-hotels\/"]}]},{"@type":"BreadcrumbList","@id":"https:\/\/www.thevintagelisbon.com\/pt-pt\/bomporto-hotels\/#breadcrumb","itemListElement":[{"@type":"ListItem","position":1,"name":"Home","item":"https:\/\/www.thevintagelisbon.com\/pt-pt\/"},{"@type":"ListItem","position":2,"name":"Bomporto Hotels"}]},{"@type":"WebSite","@id":"https:\/\/www.thevintagelisbon.com\/pt-pt\/#website","url":"https:\/\/www.thevintagelisbon.com\/pt-pt\/","name":"The Vintage Lisbon","description":"The Vintage Lisbon Hotel and Spa","potentialAction":[{"@type":"SearchAction","target":{"@type":"EntryPoint","urlTemplate":"https:\/\/www.thevintagelisbon.com\/pt-pt\/?s={search_term_string}"},"query-input":{"@type":"PropertyValueSpecification","valueRequired":true,"valueName":"search_term_string"}}],"inLanguage":"pt-PT"}]}},"_links":{"self":[{"href":"https:\/\/www.thevintagelisbon.com\/pt-pt\/wp-json\/wp\/v2\/pages\/2200","targetHints":{"allow":["GET"]}}],"collection":[{"href":"https:\/\/www.thevintagelisbon.com\/pt-pt\/wp-json\/wp\/v2\/pages"}],"about":[{"href":"https:\/\/www.thevintagelisbon.com\/pt-pt\/wp-json\/wp\/v2\/types\/page"}],"author":[{"embeddable":true,"href":"https:\/\/www.thevintagelisbon.com\/pt-pt\/wp-json\/wp\/v2\/users\/1"}],"replies":[{"embeddable":true,"href":"https:\/\/www.thevintagelisbon.com\/pt-pt\/wp-json\/wp\/v2\/comments?post=2200"}],"version-history":[{"count":0,"href":"https:\/\/www.thevintagelisbon.com\/pt-pt\/wp-json\/wp\/v2\/pages\/2200\/revisions"}],"wp:attachment":[{"href":"https:\/\/www.thevintagelisbon.com\/pt-pt\/wp-json\/wp\/v2\/media?parent=2200"}],"curies":[{"name":"wp","href":"https:\/\/api.w.org\/{rel}","templated":true}]}}