{"id":2207,"date":"2019-08-29T11:32:42","date_gmt":"2019-08-29T10:32:42","guid":{"rendered":"https:\/\/www.thevintagelisbon.com\/contact\/find-us\/"},"modified":"2025-09-18T16:58:20","modified_gmt":"2025-09-18T15:58:20","slug":"encontre-nos","status":"publish","type":"page","link":"https:\/\/www.thevintagelisbon.com\/pt-pt\/contacto\/encontre-nos\/","title":{"rendered":"Encontre-Nos"},"content":{"rendered":"<h2>Onde Estamos<\/h2>\n<p class=\"p1\"><span class=\"s1\">No cora\u00e7\u00e3o das zonas mais elegantes e animadas da cidade, estamos a uma curta caminhada de dist\u00e2ncia do Pr\u00edncipe Real, o bairro mais culturalmente ecl\u00e9tico de Lisboa, do Bairro Alto, o bairro bo\u00e9mio que nunca dorme, e da Avenida da Liberdade, a \u00e1rea da cidade onde se encontram lojas e empresas de renome. O ref\u00fagio metropolitano do Chiado tamb\u00e9m fica pr\u00f3ximo, oferecendo galerias elegantes, caf\u00e9s de charme e bonitas vistas sobre o Rio Tejo, debaixo de um sol agrad\u00e1vel.<\/span><\/p>\n","protected":false},"excerpt":{"rendered":"<p>Onde Estamos No cora\u00e7\u00e3o das zonas mais elegantes e animadas da cidade, estamos a uma curta caminhada de dist\u00e2ncia do [&hellip;]<\/p>\n","protected":false},"author":1,"featured_media":0,"parent":2203,"menu_order":0,"comment_status":"closed","ping_status":"closed","template":"templates\/find-us-template.php","meta":{"_acf_changed":false,"footnotes":""},"class_list":["post-2207","page","type-page","status-publish","hentry"],"acf":[],"yoast_head":"<!-- This site is optimized with the Yoast SEO plugin v27.5 - https:\/\/yoast.com\/product\/yoast-seo-wordpress\/ -->\n<title>Onde Estamos - The Vintage Hotel &amp; Spa - Lisboa<\/title>\n<meta name=\"description\" content=\"Estamos a uma curta caminhada de dist\u00e2ncia do Pr\u00edncipe Real, Bairro Alto, Avenida da Liberdade e o ref\u00fagio metropolitano do Chiado.\" \/>\n<meta name=\"robots\" content=\"index, follow, max-snippet:-1, max-image-preview:large, max-video-preview:-1\" \/>\n<link rel=\"canonical\" href=\"https:\/\/www.thevintagelisbon.com\/pt-pt\/contacto\/encontre-nos\/\" \/>\n<meta property=\"og:locale\" content=\"pt_PT\" \/>\n<meta property=\"og:type\" content=\"article\" \/>\n<meta property=\"og:title\" content=\"Onde Estamos - The Vintage Hotel &amp; Spa - Lisboa\" \/>\n<meta property=\"og:description\" content=\"Estamos a uma curta caminhada de dist\u00e2ncia do Pr\u00edncipe Real, Bairro Alto, Avenida da Liberdade e o ref\u00fagio metropolitano do Chiado.\" \/>\n<meta property=\"og:url\" content=\"https:\/\/www.thevintagelisbon.com\/pt-pt\/contacto\/encontre-nos\/\" \/>\n<meta property=\"og:site_name\" content=\"The Vintage Lisbon\" \/>\n<meta property=\"article:modified_time\" content=\"2025-09-18T15:58:20+00:00\" \/>\n<meta property=\"og:image\" content=\"https:\/\/www.thevintagelisbon.com\/wp-content\/uploads\/2019\/10\/logo.png\" \/>\n\t<meta property=\"og:image:width\" content=\"526\" \/>\n\t<meta property=\"og:image:height\" content=\"124\" \/>\n\t<meta property=\"og:image:type\" content=\"image\/png\" \/>\n<meta name=\"twitter:card\" content=\"summary_large_image\" \/>\n<meta name=\"twitter:label1\" content=\"Tempo estimado de leitura\" \/>\n\t<meta name=\"twitter:data1\" content=\"1 minuto\" \/>\n<script type=\"application\/ld+json\" class=\"yoast-schema-graph\">{\"@context\":\"https:\\\/\\\/schema.org\",\"@graph\":[{\"@type\":\"WebPage\",\"@id\":\"https:\\\/\\\/www.thevintagelisbon.com\\\/pt-pt\\\/contacto\\\/encontre-nos\\\/\",\"url\":\"https:\\\/\\\/www.thevintagelisbon.com\\\/pt-pt\\\/contacto\\\/encontre-nos\\\/\",\"name\":\"Onde Estamos - The Vintage Hotel & Spa - Lisboa\",\"isPartOf\":{\"@id\":\"https:\\\/\\\/www.thevintagelisbon.com\\\/pt-pt\\\/#website\"},\"datePublished\":\"2019-08-29T10:32:42+00:00\",\"dateModified\":\"2025-09-18T15:58:20+00:00\",\"description\":\"Estamos a uma curta caminhada de dist\u00e2ncia do Pr\u00edncipe Real, Bairro Alto, Avenida da Liberdade e o ref\u00fagio metropolitano do Chiado.\",\"breadcrumb\":{\"@id\":\"https:\\\/\\\/www.thevintagelisbon.com\\\/pt-pt\\\/contacto\\\/encontre-nos\\\/#breadcrumb\"},\"inLanguage\":\"pt-PT\",\"potentialAction\":[{\"@type\":\"ReadAction\",\"target\":[\"https:\\\/\\\/www.thevintagelisbon.com\\\/pt-pt\\\/contacto\\\/encontre-nos\\\/\"]}]},{\"@type\":\"BreadcrumbList\",\"@id\":\"https:\\\/\\\/www.thevintagelisbon.com\\\/pt-pt\\\/contacto\\\/encontre-nos\\\/#breadcrumb\",\"itemListElement\":[{\"@type\":\"ListItem\",\"position\":1,\"name\":\"Home\",\"item\":\"https:\\\/\\\/www.thevintagelisbon.com\\\/pt-pt\\\/\"},{\"@type\":\"ListItem\",\"position\":2,\"name\":\"Contacto\",\"item\":\"https:\\\/\\\/www.thevintagelisbon.com\\\/pt-pt\\\/contacto\\\/\"},{\"@type\":\"ListItem\",\"position\":3,\"name\":\"Encontre-Nos\"}]},{\"@type\":\"WebSite\",\"@id\":\"https:\\\/\\\/www.thevintagelisbon.com\\\/pt-pt\\\/#website\",\"url\":\"https:\\\/\\\/www.thevintagelisbon.com\\\/pt-pt\\\/\",\"name\":\"The Vintage Lisbon\",\"description\":\"The Vintage Lisbon Hotel and Spa\",\"potentialAction\":[{\"@type\":\"SearchAction\",\"target\":{\"@type\":\"EntryPoint\",\"urlTemplate\":\"https:\\\/\\\/www.thevintagelisbon.com\\\/pt-pt\\\/?s={search_term_string}\"},\"query-input\":{\"@type\":\"PropertyValueSpecification\",\"valueRequired\":true,\"valueName\":\"search_term_string\"}}],\"inLanguage\":\"pt-PT\"}]}<\/script>\n<!-- \/ Yoast SEO plugin. -->","yoast_head_json":{"title":"Onde Estamos - The Vintage Hotel & Spa - Lisboa","description":"Estamos a uma curta caminhada de dist\u00e2ncia do Pr\u00edncipe Real, Bairro Alto, Avenida da Liberdade e o ref\u00fagio metropolitano do Chiado.","robots":{"index":"index","follow":"follow","max-snippet":"max-snippet:-1","max-image-preview":"max-image-preview:large","max-video-preview":"max-video-preview:-1"},"canonical":"https:\/\/www.thevintagelisbon.com\/pt-pt\/contacto\/encontre-nos\/","og_locale":"pt_PT","og_type":"article","og_title":"Onde Estamos - The Vintage Hotel & Spa - Lisboa","og_description":"Estamos a uma curta caminhada de dist\u00e2ncia do Pr\u00edncipe Real, Bairro Alto, Avenida da Liberdade e o ref\u00fagio metropolitano do Chiado.","og_url":"https:\/\/www.thevintagelisbon.com\/pt-pt\/contacto\/encontre-nos\/","og_site_name":"The Vintage Lisbon","article_modified_time":"2025-09-18T15:58:20+00:00","og_image":[{"width":526,"height":124,"url":"https:\/\/www.thevintagelisbon.com\/wp-content\/uploads\/2019\/10\/logo.png","type":"image\/png"}],"twitter_card":"summary_large_image","twitter_misc":{"Tempo estimado de leitura":"1 minuto"},"schema":{"@context":"https:\/\/schema.org","@graph":[{"@type":"WebPage","@id":"https:\/\/www.thevintagelisbon.com\/pt-pt\/contacto\/encontre-nos\/","url":"https:\/\/www.thevintagelisbon.com\/pt-pt\/contacto\/encontre-nos\/","name":"Onde Estamos - The Vintage Hotel & Spa - Lisboa","isPartOf":{"@id":"https:\/\/www.thevintagelisbon.com\/pt-pt\/#website"},"datePublished":"2019-08-29T10:32:42+00:00","dateModified":"2025-09-18T15:58:20+00:00","description":"Estamos a uma curta caminhada de dist\u00e2ncia do Pr\u00edncipe Real, Bairro Alto, Avenida da Liberdade e o ref\u00fagio metropolitano do Chiado.","breadcrumb":{"@id":"https:\/\/www.thevintagelisbon.com\/pt-pt\/contacto\/encontre-nos\/#breadcrumb"},"inLanguage":"pt-PT","potentialAction":[{"@type":"ReadAction","target":["https:\/\/www.thevintagelisbon.com\/pt-pt\/contacto\/encontre-nos\/"]}]},{"@type":"BreadcrumbList","@id":"https:\/\/www.thevintagelisbon.com\/pt-pt\/contacto\/encontre-nos\/#breadcrumb","itemListElement":[{"@type":"ListItem","position":1,"name":"Home","item":"https:\/\/www.thevintagelisbon.com\/pt-pt\/"},{"@type":"ListItem","position":2,"name":"Contacto","item":"https:\/\/www.thevintagelisbon.com\/pt-pt\/contacto\/"},{"@type":"ListItem","position":3,"name":"Encontre-Nos"}]},{"@type":"WebSite","@id":"https:\/\/www.thevintagelisbon.com\/pt-pt\/#website","url":"https:\/\/www.thevintagelisbon.com\/pt-pt\/","name":"The Vintage Lisbon","description":"The Vintage Lisbon Hotel and Spa","potentialAction":[{"@type":"SearchAction","target":{"@type":"EntryPoint","urlTemplate":"https:\/\/www.thevintagelisbon.com\/pt-pt\/?s={search_term_string}"},"query-input":{"@type":"PropertyValueSpecification","valueRequired":true,"valueName":"search_term_string"}}],"inLanguage":"pt-PT"}]}},"_links":{"self":[{"href":"https:\/\/www.thevintagelisbon.com\/pt-pt\/wp-json\/wp\/v2\/pages\/2207","targetHints":{"allow":["GET"]}}],"collection":[{"href":"https:\/\/www.thevintagelisbon.com\/pt-pt\/wp-json\/wp\/v2\/pages"}],"about":[{"href":"https:\/\/www.thevintagelisbon.com\/pt-pt\/wp-json\/wp\/v2\/types\/page"}],"author":[{"embeddable":true,"href":"https:\/\/www.thevintagelisbon.com\/pt-pt\/wp-json\/wp\/v2\/users\/1"}],"replies":[{"embeddable":true,"href":"https:\/\/www.thevintagelisbon.com\/pt-pt\/wp-json\/wp\/v2\/comments?post=2207"}],"version-history":[{"count":0,"href":"https:\/\/www.thevintagelisbon.com\/pt-pt\/wp-json\/wp\/v2\/pages\/2207\/revisions"}],"up":[{"embeddable":true,"href":"https:\/\/www.thevintagelisbon.com\/pt-pt\/wp-json\/wp\/v2\/pages\/2203"}],"wp:attachment":[{"href":"https:\/\/www.thevintagelisbon.com\/pt-pt\/wp-json\/wp\/v2\/media?parent=2207"}],"curies":[{"name":"wp","href":"https:\/\/api.w.org\/{rel}","templated":true}]}}